{"id":21903,"date":"2025-10-08T13:19:50","date_gmt":"2025-10-08T11:19:50","guid":{"rendered":"https:\/\/vilnonesdienos.lt\/?page_id=21903"},"modified":"2026-03-24T09:39:59","modified_gmt":"2026-03-24T07:39:59","slug":"norintiems-dalyvauti","status":"publish","type":"page","link":"https:\/\/vilnonesdienos.lt\/en\/norintiems-dalyvauti\/","title":{"rendered":"For performers wishing to participate in the festival"},"content":{"rendered":"<div data-elementor-type=\"wp-page\" data-elementor-id=\"21903\" class=\"elementor elementor-21903\">\n\t\t\t\t\t\t<section class=\"elementor-section elementor-top-section elementor-element elementor-element-bb3e2db elementor-section-boxed elementor-section-height-default elementor-section-height-default sc_fly_static e-parent\" data-id=\"bb3e2db\" data-element_type=\"section\" data-settings=\"{&quot;background_background&quot;:&quot;classic&quot;}\">\n\t\t\t\t\t\t<div class=\"elementor-container elementor-column-gap-extended\">\n\t\t\t\t\t<div class=\"elementor-column elementor-col-100 elementor-top-column elementor-element elementor-element-b3db124 sc_content_align_inherit sc_layouts_column_icons_position_left lakit-col-width-auto-no sc_fly_static\" data-id=\"b3db124\" data-element_type=\"column\">\n\t\t\t<div class=\"elementor-widget-wrap elementor-element-populated\">\n\t\t\t\t\t\t<div class=\"elementor-element elementor-element-ebc7f29 sc_height_medium sc_fly_static elementor-widget elementor-widget-spacer\" data-id=\"ebc7f29\" data-element_type=\"widget\" data-widget_type=\"spacer.default\">\n\t\t\t\t<div class=\"elementor-widget-container\">\n\t\t\t\t\t\t\t<div class=\"elementor-spacer\">\n\t\t\t<div class=\"elementor-spacer-inner\"><\/div>\n\t\t<\/div>\n\t\t\t\t\t\t<\/div>\n\t\t\t\t<\/div>\n\t\t\t\t<section class=\"elementor-section elementor-inner-section elementor-element elementor-element-522700a elementor-section-boxed elementor-section-height-default elementor-section-height-default sc_fly_static\" data-id=\"522700a\" data-element_type=\"section\">\n\t\t\t\t\t\t<div class=\"elementor-container elementor-column-gap-extended\">\n\t\t\t\t\t<div class=\"elementor-column elementor-col-50 elementor-inner-column elementor-element elementor-element-e4156b9 sc_content_align_inherit sc_layouts_column_icons_position_left lakit-col-width-auto-no sc_fly_static\" data-id=\"e4156b9\" data-element_type=\"column\">\n\t\t\t<div class=\"elementor-widget-wrap elementor-element-populated\">\n\t\t\t\t\t\t<div class=\"elementor-element elementor-element-95ef2d7 sc_fly_static elementor-widget elementor-widget-text-editor\" data-id=\"95ef2d7\" data-element_type=\"widget\" data-widget_type=\"text-editor.default\">\n\t\t\t\t<div class=\"elementor-widget-container\">\n\t\t\t\t\t\t\t\t\t<h4>Artist registration is <span style=\"color: #999f3b;\"><strong>NO LONGER OPEN!<\/strong><\/span><\/h4>\n<p><em>If you have any questions, please contact us:<br><\/em><span style=\"font-size: 17px;\">Festival organiser&nbsp;<\/span><span style=\"font-size: 17px;\"><b>Lukas Simsonas<br><\/b><\/span><span style=\"font-size: 17px;\">Email address: <\/span><a href=\"mailto:labas@vilnonesdienos.lt\" style=\"font-size: 17px; background-color: rgb(245, 249, 250);\">labas@vilnonesdienos.lt<\/a><br><span style=\"font-size: 17px;\">Phone:&nbsp;<\/span><strong style=\"font-size: 17px;\">+370 (625) 51 758<\/strong><\/p>\t\t\t\t\t\t\t\t<\/div>\n\t\t\t\t<\/div>\n\t\t\t\t<div class=\"elementor-element elementor-element-f3b5310 sc_layouts_hide_on_wide sc_layouts_hide_on_desktop sc_layouts_hide_on_notebook sc_layouts_hide_on_tablet sc_layouts_hide_on_mobile sc_fly_static elementor-widget elementor-widget-text-editor\" data-id=\"f3b5310\" data-element_type=\"widget\" data-widget_type=\"text-editor.default\">\n\t\t\t\t<div class=\"elementor-widget-container\">\n\t\t\t\t\t\t\t\t\t<p>width=&#8221;640&#8243; height=&#8221;1800&#8243; \u201eVilnon\u0117s dienos&#8221; \u2013 \u0161velniausias Lietuvos festivalis, kuris vienuolikt\u0105j\u012f kart\u0105 pakvies auk\u0161tai\u010di\u0173 kra\u0161tan, \u012f \u0160iaur\u0117s Lietuv\u0105. Jau dabar sukam galveles, d\u0117liojam program\u0105, kad kiekvienas \u010dia rast\u0173 \u0161ird\u017eiai miel\u0105 u\u017esi\u0117mim\u0105, pasibuvim\u0105 ir atgaiv\u0105. <br \/>You can already mark the date in your calendars: August 29-30, 2026, we will be waiting for you in Raubonys! We are currently preparing a project application for the Lithuanian Council for Culture and hope to receive a positive response so that we can meet up as usual on the last weekend of summer.<\/p><p>Over the course of a decade, numerous folk groups from Lithuania and other countries have sung, played, and danced on the Vilnoniai Days stage, ranging from youth groups to folk ensembles with many years of experience.<\/p><p>The festival stage is always open to those who want to share living traditions, songs, music, dances, and the joy of togetherness. We invite Lithuanian folklore groups and individual performers to perform on the festival stage!<\/p><p>Fill out the form or write to us \u2013 <a href=\"mailto:labas@vilnonesdienos.lt\">labas@vilnonesdienos.lt<\/a><br \/><em>We are open to all suggestions!<\/em><\/p>\t\t\t\t\t\t\t\t<\/div>\n\t\t\t\t<\/div>\n\t\t\t\t<div class=\"elementor-element elementor-element-f940e2c sc_fly_static elementor-widget elementor-widget-spacer\" data-id=\"f940e2c\" data-element_type=\"widget\" data-widget_type=\"spacer.default\">\n\t\t\t\t<div class=\"elementor-widget-container\">\n\t\t\t\t\t\t\t<div class=\"elementor-spacer\">\n\t\t\t<div class=\"elementor-spacer-inner\"><\/div>\n\t\t<\/div>\n\t\t\t\t\t\t<\/div>\n\t\t\t\t<\/div>\n\t\t\t\t\t<\/div>\n\t\t<\/div>\n\t\t\t\t<div class=\"elementor-column elementor-col-50 elementor-inner-column elementor-element elementor-element-9737f99 sc_content_align_inherit sc_layouts_column_icons_position_left lakit-col-width-auto-no sc_fly_static\" data-id=\"9737f99\" data-element_type=\"column\">\n\t\t\t<div class=\"elementor-widget-wrap elementor-element-populated\">\n\t\t\t\t\t\t<div class=\"elementor-element elementor-element-2291242 sc_fly_static elementor-widget elementor-widget-html\" data-id=\"2291242\" data-element_type=\"widget\" data-widget_type=\"html.default\">\n\t\t\t\t<div class=\"elementor-widget-container\">\n\t\t\t\t\t<iframe src=\"https:\/\/docs.google.com\/forms\/d\/e\/1FAIpQLSfWPQ65-z8pKpp6jzUNIKL9-9_X4raTz3etAqMjdoUNCZIYfw\/viewform?embedded=true\" width=\"640\" height=\"300\" frameborder=\"0\" marginheight=\"0\" marginwidth=\"0\">\u012ekeliama\u2026<\/iframe>\t\t\t\t<\/div>\n\t\t\t\t<\/div>\n\t\t\t\t\t<\/div>\n\t\t<\/div>\n\t\t\t\t\t<\/div>\n\t\t<\/section>\n\t\t\t\t\t<\/div>\n\t\t<\/div>\n\t\t\t\t\t<\/div>\n\t\t<\/section>\n\t\t\t\t<section class=\"elementor-section elementor-top-section elementor-element elementor-element-25c07c8 scheme_default elementor-section-boxed elementor-section-height-default elementor-section-height-default sc_fly_static e-parent\" data-id=\"25c07c8\" data-element_type=\"section\" data-settings=\"{&quot;background_background&quot;:&quot;classic&quot;}\">\n\t\t\t\t\t\t<div class=\"elementor-container elementor-column-gap-extended\">\n\t\t\t\t\t<div class=\"elementor-column elementor-col-100 elementor-top-column elementor-element elementor-element-5078118 sc_content_align_inherit sc_layouts_column_icons_position_left lakit-col-width-auto-no sc_fly_static\" data-id=\"5078118\" data-element_type=\"column\">\n\t\t\t<div class=\"elementor-widget-wrap elementor-element-populated\">\n\t\t\t\t\t\t<div class=\"elementor-element elementor-element-f667770 sc_height_huge sc_fly_static elementor-widget elementor-widget-spacer\" data-id=\"f667770\" data-element_type=\"widget\" data-widget_type=\"spacer.default\">\n\t\t\t\t<div class=\"elementor-widget-container\">\n\t\t\t\t\t\t\t<div class=\"elementor-spacer\">\n\t\t\t<div class=\"elementor-spacer-inner\"><\/div>\n\t\t<\/div>\n\t\t\t\t\t\t<\/div>\n\t\t\t\t<\/div>\n\t\t\t\t\t<\/div>\n\t\t<\/div>\n\t\t\t\t\t<\/div>\n\t\t<\/section>\n\t\t\t\t<\/div>","protected":false},"excerpt":{"rendered":"<p>Atlik\u0117j\u0173 registracija NEBEVYKDOMA! Jei turite klausim\u0173, maloniai pra\u0161ome kreiptis:Festivalio organizatorius&nbsp;Lukas SimsonasEl. pa\u0161to adresas: labas@vilnonesdienos.ltTel.:&nbsp;+370 (625) 51 758 width=&#8221;640&#8243; height=&#8221;1800&#8243; \u201eVilnon\u0117s dienos&#8221; \u2013 \u0161velniausias Lietuvos festivalis, kuris vienuolikt\u0105j\u012f kart\u0105 pakvies auk\u0161tai\u010di\u0173&hellip;<\/p>","protected":false},"author":1,"featured_media":21372,"parent":0,"menu_order":0,"comment_status":"closed","ping_status":"closed","template":"","meta":{"footnotes":"","_links_to":"","_links_to_target":""},"class_list":["post-21903","page","type-page","status-publish","has-post-thumbnail","hentry"],"yoast_head":"<!-- This site is optimized with the Yoast SEO plugin v27.4 - https:\/\/yoast.com\/product\/yoast-seo-wordpress\/ -->\n<title>Atlik\u0117jams, norintiems dalyvauti festivalyje &#8211; Tarptautinis amat\u0173 ir meno festivalis<\/title>\n<meta name=\"robots\" content=\"index, follow, max-snippet:-1, max-image-preview:large, max-video-preview:-1\" \/>\n<link rel=\"canonical\" href=\"https:\/\/vilnonesdienos.lt\/en\/norintiems-dalyvauti\/\" \/>\n<meta property=\"og:locale\" content=\"en_GB\" \/>\n<meta property=\"og:type\" content=\"article\" \/>\n<meta property=\"og:title\" content=\"Atlik\u0117jams, norintiems dalyvauti festivalyje &#8211; Tarptautinis amat\u0173 ir meno festivalis\" \/>\n<meta property=\"og:description\" content=\"Atlik\u0117j\u0173 registracija NEBEVYKDOMA! Jei turite klausim\u0173, maloniai pra\u0161ome kreiptis:Festivalio organizatorius&nbsp;Lukas SimsonasEl. pa\u0161to adresas: labas@vilnonesdienos.ltTel.:&nbsp;+370 (625) 51 758 width=&#8221;640&#8243; height=&#8221;1800&#8243; \u201eVilnon\u0117s dienos&#8221; \u2013 \u0161velniausias Lietuvos festivalis, kuris vienuolikt\u0105j\u012f kart\u0105 pakvies auk\u0161tai\u010di\u0173&hellip;\" \/>\n<meta property=\"og:url\" content=\"https:\/\/vilnonesdienos.lt\/en\/norintiems-dalyvauti\/\" \/>\n<meta property=\"og:site_name\" content=\"Vilnon\u0117s dienos\" \/>\n<meta property=\"article:publisher\" content=\"https:\/\/www.facebook.com\/vilnonesdienos\" \/>\n<meta property=\"article:modified_time\" content=\"2026-03-24T07:39:59+00:00\" \/>\n<meta property=\"og:image\" content=\"https:\/\/vilnonesdienos.lt\/wp-content\/uploads\/2024\/09\/IMG_0316-scaled.jpg\" \/>\n\t<meta property=\"og:image:width\" content=\"2560\" \/>\n\t<meta property=\"og:image:height\" content=\"1920\" \/>\n\t<meta property=\"og:image:type\" content=\"image\/jpeg\" \/>\n<meta name=\"twitter:card\" content=\"summary_large_image\" \/>\n<meta name=\"twitter:label1\" content=\"Estimated reading time\" \/>\n\t<meta name=\"twitter:data1\" content=\"1 minute\" \/>\n<script type=\"application\/ld+json\" class=\"yoast-schema-graph\">{\"@context\":\"https:\\\/\\\/schema.org\",\"@graph\":[{\"@type\":\"WebPage\",\"@id\":\"https:\\\/\\\/vilnonesdienos.lt\\\/norintiems-dalyvauti\\\/\",\"url\":\"https:\\\/\\\/vilnonesdienos.lt\\\/norintiems-dalyvauti\\\/\",\"name\":\"Atlik\u0117jams, norintiems dalyvauti festivalyje &#8211; Tarptautinis amat\u0173 ir meno festivalis\",\"isPartOf\":{\"@id\":\"https:\\\/\\\/vilnonesdienos.lt\\\/#website\"},\"primaryImageOfPage\":{\"@id\":\"https:\\\/\\\/vilnonesdienos.lt\\\/norintiems-dalyvauti\\\/#primaryimage\"},\"image\":{\"@id\":\"https:\\\/\\\/vilnonesdienos.lt\\\/norintiems-dalyvauti\\\/#primaryimage\"},\"thumbnailUrl\":\"https:\\\/\\\/vilnonesdienos.lt\\\/wp-content\\\/uploads\\\/2024\\\/09\\\/IMG_0316-scaled.jpg\",\"datePublished\":\"2025-10-08T11:19:50+00:00\",\"dateModified\":\"2026-03-24T07:39:59+00:00\",\"breadcrumb\":{\"@id\":\"https:\\\/\\\/vilnonesdienos.lt\\\/norintiems-dalyvauti\\\/#breadcrumb\"},\"inLanguage\":\"en-GB\",\"potentialAction\":[{\"@type\":\"ReadAction\",\"target\":[\"https:\\\/\\\/vilnonesdienos.lt\\\/norintiems-dalyvauti\\\/\"]}]},{\"@type\":\"ImageObject\",\"inLanguage\":\"en-GB\",\"@id\":\"https:\\\/\\\/vilnonesdienos.lt\\\/norintiems-dalyvauti\\\/#primaryimage\",\"url\":\"https:\\\/\\\/vilnonesdienos.lt\\\/wp-content\\\/uploads\\\/2024\\\/09\\\/IMG_0316-scaled.jpg\",\"contentUrl\":\"https:\\\/\\\/vilnonesdienos.lt\\\/wp-content\\\/uploads\\\/2024\\\/09\\\/IMG_0316-scaled.jpg\",\"width\":2560,\"height\":1920},{\"@type\":\"BreadcrumbList\",\"@id\":\"https:\\\/\\\/vilnonesdienos.lt\\\/norintiems-dalyvauti\\\/#breadcrumb\",\"itemListElement\":[{\"@type\":\"ListItem\",\"position\":1,\"name\":\"Prad\u017eia\",\"item\":\"https:\\\/\\\/vilnonesdienos.lt\\\/\"},{\"@type\":\"ListItem\",\"position\":2,\"name\":\"Atlik\u0117jams, norintiems dalyvauti festivalyje\"}]},{\"@type\":\"WebSite\",\"@id\":\"https:\\\/\\\/vilnonesdienos.lt\\\/#website\",\"url\":\"https:\\\/\\\/vilnonesdienos.lt\\\/\",\"name\":\"Vilnon\u0117s dienos\",\"description\":\"Tarptautinis amat\u0173 ir meno festivalis\",\"publisher\":{\"@id\":\"https:\\\/\\\/vilnonesdienos.lt\\\/#organization\"},\"alternateName\":\"Tarptautinis amat\u0173 ir meno festivalis\",\"potentialAction\":[{\"@type\":\"SearchAction\",\"target\":{\"@type\":\"EntryPoint\",\"urlTemplate\":\"https:\\\/\\\/vilnonesdienos.lt\\\/?s={search_term_string}\"},\"query-input\":{\"@type\":\"PropertyValueSpecification\",\"valueRequired\":true,\"valueName\":\"search_term_string\"}}],\"inLanguage\":\"en-GB\"},{\"@type\":\"Organization\",\"@id\":\"https:\\\/\\\/vilnonesdienos.lt\\\/#organization\",\"name\":\"Vilnon\u0117s dienos\",\"url\":\"https:\\\/\\\/vilnonesdienos.lt\\\/\",\"logo\":{\"@type\":\"ImageObject\",\"inLanguage\":\"en-GB\",\"@id\":\"https:\\\/\\\/vilnonesdienos.lt\\\/#\\\/schema\\\/logo\\\/image\\\/\",\"url\":\"https:\\\/\\\/vilnonesdienos.lt\\\/wp-content\\\/uploads\\\/2021\\\/07\\\/Vilnones-dienos_logo_melynas.png\",\"contentUrl\":\"https:\\\/\\\/vilnonesdienos.lt\\\/wp-content\\\/uploads\\\/2021\\\/07\\\/Vilnones-dienos_logo_melynas.png\",\"width\":2862,\"height\":1941,\"caption\":\"Vilnon\u0117s dienos\"},\"image\":{\"@id\":\"https:\\\/\\\/vilnonesdienos.lt\\\/#\\\/schema\\\/logo\\\/image\\\/\"},\"sameAs\":[\"https:\\\/\\\/www.facebook.com\\\/vilnonesdienos\"]}]}<\/script>\n<!-- \/ Yoast SEO plugin. -->","yoast_head_json":{"title":"Atlik\u0117jams, norintiems dalyvauti festivalyje &#8211; Tarptautinis amat\u0173 ir meno festivalis","robots":{"index":"index","follow":"follow","max-snippet":"max-snippet:-1","max-image-preview":"max-image-preview:large","max-video-preview":"max-video-preview:-1"},"canonical":"https:\/\/vilnonesdienos.lt\/en\/norintiems-dalyvauti\/","og_locale":"en_GB","og_type":"article","og_title":"Atlik\u0117jams, norintiems dalyvauti festivalyje &#8211; Tarptautinis amat\u0173 ir meno festivalis","og_description":"Atlik\u0117j\u0173 registracija NEBEVYKDOMA! Jei turite klausim\u0173, maloniai pra\u0161ome kreiptis:Festivalio organizatorius&nbsp;Lukas SimsonasEl. pa\u0161to adresas: labas@vilnonesdienos.ltTel.:&nbsp;+370 (625) 51 758 width=&#8221;640&#8243; height=&#8221;1800&#8243; \u201eVilnon\u0117s dienos&#8221; \u2013 \u0161velniausias Lietuvos festivalis, kuris vienuolikt\u0105j\u012f kart\u0105 pakvies auk\u0161tai\u010di\u0173&hellip;","og_url":"https:\/\/vilnonesdienos.lt\/en\/norintiems-dalyvauti\/","og_site_name":"Vilnon\u0117s dienos","article_publisher":"https:\/\/www.facebook.com\/vilnonesdienos","article_modified_time":"2026-03-24T07:39:59+00:00","og_image":[{"width":2560,"height":1920,"url":"https:\/\/vilnonesdienos.lt\/wp-content\/uploads\/2024\/09\/IMG_0316-scaled.jpg","type":"image\/jpeg"}],"twitter_card":"summary_large_image","twitter_misc":{"Estimated reading time":"1 minute"},"schema":{"@context":"https:\/\/schema.org","@graph":[{"@type":"WebPage","@id":"https:\/\/vilnonesdienos.lt\/norintiems-dalyvauti\/","url":"https:\/\/vilnonesdienos.lt\/norintiems-dalyvauti\/","name":"Atlik\u0117jams, norintiems dalyvauti festivalyje &#8211; Tarptautinis amat\u0173 ir meno festivalis","isPartOf":{"@id":"https:\/\/vilnonesdienos.lt\/#website"},"primaryImageOfPage":{"@id":"https:\/\/vilnonesdienos.lt\/norintiems-dalyvauti\/#primaryimage"},"image":{"@id":"https:\/\/vilnonesdienos.lt\/norintiems-dalyvauti\/#primaryimage"},"thumbnailUrl":"https:\/\/vilnonesdienos.lt\/wp-content\/uploads\/2024\/09\/IMG_0316-scaled.jpg","datePublished":"2025-10-08T11:19:50+00:00","dateModified":"2026-03-24T07:39:59+00:00","breadcrumb":{"@id":"https:\/\/vilnonesdienos.lt\/norintiems-dalyvauti\/#breadcrumb"},"inLanguage":"en-GB","potentialAction":[{"@type":"ReadAction","target":["https:\/\/vilnonesdienos.lt\/norintiems-dalyvauti\/"]}]},{"@type":"ImageObject","inLanguage":"en-GB","@id":"https:\/\/vilnonesdienos.lt\/norintiems-dalyvauti\/#primaryimage","url":"https:\/\/vilnonesdienos.lt\/wp-content\/uploads\/2024\/09\/IMG_0316-scaled.jpg","contentUrl":"https:\/\/vilnonesdienos.lt\/wp-content\/uploads\/2024\/09\/IMG_0316-scaled.jpg","width":2560,"height":1920},{"@type":"BreadcrumbList","@id":"https:\/\/vilnonesdienos.lt\/norintiems-dalyvauti\/#breadcrumb","itemListElement":[{"@type":"ListItem","position":1,"name":"Prad\u017eia","item":"https:\/\/vilnonesdienos.lt\/"},{"@type":"ListItem","position":2,"name":"Atlik\u0117jams, norintiems dalyvauti festivalyje"}]},{"@type":"WebSite","@id":"https:\/\/vilnonesdienos.lt\/#website","url":"https:\/\/vilnonesdienos.lt\/","name":"Vilnon\u0117s dienos","description":"International Craft and Art Festival","publisher":{"@id":"https:\/\/vilnonesdienos.lt\/#organization"},"alternateName":"Tarptautinis amat\u0173 ir meno festivalis","potentialAction":[{"@type":"SearchAction","target":{"@type":"EntryPoint","urlTemplate":"https:\/\/vilnonesdienos.lt\/?s={search_term_string}"},"query-input":{"@type":"PropertyValueSpecification","valueRequired":true,"valueName":"search_term_string"}}],"inLanguage":"en-GB"},{"@type":"Organization","@id":"https:\/\/vilnonesdienos.lt\/#organization","name":"Vilnon\u0117s dienos","url":"https:\/\/vilnonesdienos.lt\/","logo":{"@type":"ImageObject","inLanguage":"en-GB","@id":"https:\/\/vilnonesdienos.lt\/#\/schema\/logo\/image\/","url":"https:\/\/vilnonesdienos.lt\/wp-content\/uploads\/2021\/07\/Vilnones-dienos_logo_melynas.png","contentUrl":"https:\/\/vilnonesdienos.lt\/wp-content\/uploads\/2021\/07\/Vilnones-dienos_logo_melynas.png","width":2862,"height":1941,"caption":"Vilnon\u0117s dienos"},"image":{"@id":"https:\/\/vilnonesdienos.lt\/#\/schema\/logo\/image\/"},"sameAs":["https:\/\/www.facebook.com\/vilnonesdienos"]}]}},"_links":{"self":[{"href":"https:\/\/vilnonesdienos.lt\/en\/wp-json\/wp\/v2\/pages\/21903","targetHints":{"allow":["GET"]}}],"collection":[{"href":"https:\/\/vilnonesdienos.lt\/en\/wp-json\/wp\/v2\/pages"}],"about":[{"href":"https:\/\/vilnonesdienos.lt\/en\/wp-json\/wp\/v2\/types\/page"}],"author":[{"embeddable":true,"href":"https:\/\/vilnonesdienos.lt\/en\/wp-json\/wp\/v2\/users\/1"}],"replies":[{"embeddable":true,"href":"https:\/\/vilnonesdienos.lt\/en\/wp-json\/wp\/v2\/comments?post=21903"}],"version-history":[{"count":25,"href":"https:\/\/vilnonesdienos.lt\/en\/wp-json\/wp\/v2\/pages\/21903\/revisions"}],"predecessor-version":[{"id":22104,"href":"https:\/\/vilnonesdienos.lt\/en\/wp-json\/wp\/v2\/pages\/21903\/revisions\/22104"}],"wp:featuredmedia":[{"embeddable":true,"href":"https:\/\/vilnonesdienos.lt\/en\/wp-json\/wp\/v2\/media\/21372"}],"wp:attachment":[{"href":"https:\/\/vilnonesdienos.lt\/en\/wp-json\/wp\/v2\/media?parent=21903"}],"curies":[{"name":"wp","href":"https:\/\/api.w.org\/{rel}","templated":true}]}}