{"id":20798,"date":"2024-02-23T15:48:12","date_gmt":"2024-02-23T13:48:12","guid":{"rendered":"https:\/\/vilnonesdienos.lt\/?page_id=20798"},"modified":"2024-07-29T13:48:35","modified_gmt":"2024-07-29T11:48:35","slug":"savanoriams","status":"publish","type":"page","link":"https:\/\/vilnonesdienos.lt\/en\/savanoriams\/","title":{"rendered":"Savanoriams"},"content":{"rendered":"<div data-elementor-type=\"wp-page\" data-elementor-id=\"20798\" class=\"elementor elementor-20798\">\n\t\t\t\t\t\t<section class=\"elementor-section elementor-top-section elementor-element elementor-element-fec5965 elementor-section-boxed elementor-section-height-default elementor-section-height-default sc_fly_static e-parent\" data-id=\"fec5965\" data-element_type=\"section\">\n\t\t\t\t\t\t<div class=\"elementor-container elementor-column-gap-extended\">\n\t\t\t\t\t<div class=\"elementor-column elementor-col-100 elementor-top-column elementor-element elementor-element-43ed052 sc_content_align_inherit sc_layouts_column_icons_position_left lakit-col-width-auto-no sc_fly_static\" data-id=\"43ed052\" data-element_type=\"column\">\n\t\t\t<div class=\"elementor-widget-wrap elementor-element-populated\">\n\t\t\t\t\t\t<div class=\"elementor-element elementor-element-09ca67f sc_fly_static elementor-widget elementor-widget-text-editor\" data-id=\"09ca67f\" data-element_type=\"widget\" data-widget_type=\"text-editor.default\">\n\t\t\t\t<div class=\"elementor-widget-container\">\n\t\t\t\t\t\t\t\t\t<p>Tarptautinis amat\u0173 ir meno festivalis \u201eVilnon\u0117s dienos\u201c kvie\u010dia prisijungti prie organizatori\u0173 komandos!<\/p><p>Savanoriai \u2013 tai festivalio variklis! Organizuojant rengin\u012f, visada smagu sulaukti papildom\u0173 rank\u0173, juk drauge galime daugiau!<\/p><p>Kiekvienais metais \u201eVilnon\u0117s dienos\u201c sujungia vis daugiau dalyvi\u0173 ir \u017ei\u016brov\u0173, o kiekvienas savanoris tampa neatskiriama \u0161io \u012fvykio dalimi.\u00a0<\/p><p><strong>Kaip Tu gali pad\u0117ti:<\/strong><\/p><ul><li>Vie\u0161indamas(-a) ir skleisdamas(-a) ger\u0105 \u017eini\u0105 apie festival\u012f;<\/li><li>Info centre suteikdamas(-a) informacij\u0105 dalyviams;<\/li><li>Pad\u0117damas(-a) u\u017ekulisiuose;<\/li><li>Prisid\u0117damas(-a) prie paruo\u0161iam\u0173j\u0173 darb\u0173;<\/li><li>Prisid\u0117damas(-a) prie ardom\u0173j\u0173 darb\u0173;<\/li><li>Aktyviai dalyvaudamas(-a) rengiant koncertus.<\/li><\/ul><p><strong>Mes suteiksime Tau:<\/strong><\/p><ul><li>Nepakartojam\u0105 patirt\u012f;<\/li><li>Puiki\u0105 nuotaik\u0105;<\/li><li>Galimyb\u0119 pamatyti festivalio koncertus bei m\u0117gstamus atlik\u0117jus;<\/li><li>Smagiai praleist\u0105 laik\u0105;<\/li><li>Maitinim\u0105 festivalio dienomis;<\/li><li>Oficial\u0173 savanori\u0161ko darbo pa\u017eym\u0117jim\u0105.<\/li><\/ul><p>U\u017epildyk savanoryst\u0117s anket\u0105 \u010dia: <strong>savanori\u0173 registracij\u0105 paskelbsime netrukus.<\/strong><\/p><p>Atsakysime \u012f visus Tavo klausimus d\u0117l savanoryst\u0117s. Ra\u0161yk el. pa\u0161tu: <a href=\"mailto:savanoriai@vilnonesdienos.lt\" target=\"_new\">labas@vilnonesdienos.lt<\/a>!<\/p><p><strong>B\u016bk dalimi m\u016bs\u0173!<\/strong><\/p>\t\t\t\t\t\t\t\t<\/div>\n\t\t\t\t<\/div>\n\t\t\t\t\t<\/div>\n\t\t<\/div>\n\t\t\t\t\t<\/div>\n\t\t<\/section>\n\t\t\t\t<\/div>","protected":false},"excerpt":{"rendered":"<p>Tarptautinis amat\u0173 ir meno festivalis \u201eVilnon\u0117s dienos\u201c kvie\u010dia prisijungti prie organizatori\u0173 komandos! Savanoriai \u2013 tai festivalio variklis! Organizuojant rengin\u012f, visada smagu sulaukti papildom\u0173 rank\u0173, juk drauge galime daugiau! Kiekvienais metais&hellip;<\/p>","protected":false},"author":1,"featured_media":19337,"parent":0,"menu_order":0,"comment_status":"closed","ping_status":"closed","template":"","meta":{"footnotes":"","_links_to":"","_links_to_target":""},"class_list":["post-20798","page","type-page","status-publish","has-post-thumbnail","hentry"],"yoast_head":"<!-- This site is optimized with the Yoast SEO plugin v27.3 - https:\/\/yoast.com\/product\/yoast-seo-wordpress\/ -->\n<title>Savanoriams &#8211; Vilnon\u0117s dienos<\/title>\n<meta name=\"robots\" content=\"index, follow, max-snippet:-1, max-image-preview:large, max-video-preview:-1\" \/>\n<link rel=\"canonical\" href=\"https:\/\/vilnonesdienos.lt\/en\/savanoriams\/\" \/>\n<meta property=\"og:locale\" content=\"en_GB\" \/>\n<meta property=\"og:type\" content=\"article\" \/>\n<meta property=\"og:title\" content=\"Savanoriams &#8211; Vilnon\u0117s dienos\" \/>\n<meta property=\"og:description\" content=\"Tarptautinis amat\u0173 ir meno festivalis \u201eVilnon\u0117s dienos\u201c kvie\u010dia prisijungti prie organizatori\u0173 komandos! Savanoriai \u2013 tai festivalio variklis! Organizuojant rengin\u012f, visada smagu sulaukti papildom\u0173 rank\u0173, juk drauge galime daugiau! Kiekvienais metais&hellip;\" \/>\n<meta property=\"og:url\" content=\"https:\/\/vilnonesdienos.lt\/en\/savanoriams\/\" \/>\n<meta property=\"og:site_name\" content=\"Vilnon\u0117s dienos\" \/>\n<meta property=\"article:publisher\" content=\"https:\/\/www.facebook.com\/vilnonesdienos\" \/>\n<meta property=\"article:modified_time\" content=\"2024-07-29T11:48:35+00:00\" \/>\n<meta property=\"og:image\" content=\"https:\/\/vilnonesdienos.lt\/wp-content\/uploads\/2024\/01\/IMG_3873.jpg\" \/>\n\t<meta property=\"og:image:width\" content=\"1138\" \/>\n\t<meta property=\"og:image:height\" content=\"1707\" \/>\n\t<meta property=\"og:image:type\" content=\"image\/jpeg\" \/>\n<meta name=\"twitter:card\" content=\"summary_large_image\" \/>\n<meta name=\"twitter:label1\" content=\"Estimated reading time\" \/>\n\t<meta name=\"twitter:data1\" content=\"1 minute\" \/>\n<script type=\"application\/ld+json\" class=\"yoast-schema-graph\">{\"@context\":\"https:\\\/\\\/schema.org\",\"@graph\":[{\"@type\":\"WebPage\",\"@id\":\"https:\\\/\\\/vilnonesdienos.lt\\\/savanoriams\\\/\",\"url\":\"https:\\\/\\\/vilnonesdienos.lt\\\/savanoriams\\\/\",\"name\":\"Savanoriams &#8211; Vilnon\u0117s dienos\",\"isPartOf\":{\"@id\":\"https:\\\/\\\/vilnonesdienos.lt\\\/#website\"},\"primaryImageOfPage\":{\"@id\":\"https:\\\/\\\/vilnonesdienos.lt\\\/savanoriams\\\/#primaryimage\"},\"image\":{\"@id\":\"https:\\\/\\\/vilnonesdienos.lt\\\/savanoriams\\\/#primaryimage\"},\"thumbnailUrl\":\"https:\\\/\\\/vilnonesdienos.lt\\\/wp-content\\\/uploads\\\/2024\\\/01\\\/IMG_3873.jpg\",\"datePublished\":\"2024-02-23T13:48:12+00:00\",\"dateModified\":\"2024-07-29T11:48:35+00:00\",\"breadcrumb\":{\"@id\":\"https:\\\/\\\/vilnonesdienos.lt\\\/savanoriams\\\/#breadcrumb\"},\"inLanguage\":\"en-GB\",\"potentialAction\":[{\"@type\":\"ReadAction\",\"target\":[\"https:\\\/\\\/vilnonesdienos.lt\\\/savanoriams\\\/\"]}]},{\"@type\":\"ImageObject\",\"inLanguage\":\"en-GB\",\"@id\":\"https:\\\/\\\/vilnonesdienos.lt\\\/savanoriams\\\/#primaryimage\",\"url\":\"https:\\\/\\\/vilnonesdienos.lt\\\/wp-content\\\/uploads\\\/2024\\\/01\\\/IMG_3873.jpg\",\"contentUrl\":\"https:\\\/\\\/vilnonesdienos.lt\\\/wp-content\\\/uploads\\\/2024\\\/01\\\/IMG_3873.jpg\",\"width\":1138,\"height\":1707},{\"@type\":\"BreadcrumbList\",\"@id\":\"https:\\\/\\\/vilnonesdienos.lt\\\/savanoriams\\\/#breadcrumb\",\"itemListElement\":[{\"@type\":\"ListItem\",\"position\":1,\"name\":\"Prad\u017eia\",\"item\":\"https:\\\/\\\/vilnonesdienos.lt\\\/\"},{\"@type\":\"ListItem\",\"position\":2,\"name\":\"Savanoriams\"}]},{\"@type\":\"WebSite\",\"@id\":\"https:\\\/\\\/vilnonesdienos.lt\\\/#website\",\"url\":\"https:\\\/\\\/vilnonesdienos.lt\\\/\",\"name\":\"Vilnon\u0117s dienos\",\"description\":\"Tarptautinis amat\u0173 ir meno festivalis\",\"publisher\":{\"@id\":\"https:\\\/\\\/vilnonesdienos.lt\\\/#organization\"},\"alternateName\":\"Tarptautinis amat\u0173 ir meno festivalis\",\"potentialAction\":[{\"@type\":\"SearchAction\",\"target\":{\"@type\":\"EntryPoint\",\"urlTemplate\":\"https:\\\/\\\/vilnonesdienos.lt\\\/?s={search_term_string}\"},\"query-input\":{\"@type\":\"PropertyValueSpecification\",\"valueRequired\":true,\"valueName\":\"search_term_string\"}}],\"inLanguage\":\"en-GB\"},{\"@type\":\"Organization\",\"@id\":\"https:\\\/\\\/vilnonesdienos.lt\\\/#organization\",\"name\":\"Vilnon\u0117s dienos\",\"url\":\"https:\\\/\\\/vilnonesdienos.lt\\\/\",\"logo\":{\"@type\":\"ImageObject\",\"inLanguage\":\"en-GB\",\"@id\":\"https:\\\/\\\/vilnonesdienos.lt\\\/#\\\/schema\\\/logo\\\/image\\\/\",\"url\":\"https:\\\/\\\/vilnonesdienos.lt\\\/wp-content\\\/uploads\\\/2021\\\/07\\\/Vilnones-dienos_logo_melynas.png\",\"contentUrl\":\"https:\\\/\\\/vilnonesdienos.lt\\\/wp-content\\\/uploads\\\/2021\\\/07\\\/Vilnones-dienos_logo_melynas.png\",\"width\":2862,\"height\":1941,\"caption\":\"Vilnon\u0117s dienos\"},\"image\":{\"@id\":\"https:\\\/\\\/vilnonesdienos.lt\\\/#\\\/schema\\\/logo\\\/image\\\/\"},\"sameAs\":[\"https:\\\/\\\/www.facebook.com\\\/vilnonesdienos\"]}]}<\/script>\n<!-- \/ Yoast SEO plugin. -->","yoast_head_json":{"title":"Savanoriams &#8211; Vilnon\u0117s dienos","robots":{"index":"index","follow":"follow","max-snippet":"max-snippet:-1","max-image-preview":"max-image-preview:large","max-video-preview":"max-video-preview:-1"},"canonical":"https:\/\/vilnonesdienos.lt\/en\/savanoriams\/","og_locale":"en_GB","og_type":"article","og_title":"Savanoriams &#8211; Vilnon\u0117s dienos","og_description":"Tarptautinis amat\u0173 ir meno festivalis \u201eVilnon\u0117s dienos\u201c kvie\u010dia prisijungti prie organizatori\u0173 komandos! Savanoriai \u2013 tai festivalio variklis! Organizuojant rengin\u012f, visada smagu sulaukti papildom\u0173 rank\u0173, juk drauge galime daugiau! Kiekvienais metais&hellip;","og_url":"https:\/\/vilnonesdienos.lt\/en\/savanoriams\/","og_site_name":"Vilnon\u0117s dienos","article_publisher":"https:\/\/www.facebook.com\/vilnonesdienos","article_modified_time":"2024-07-29T11:48:35+00:00","og_image":[{"width":1138,"height":1707,"url":"https:\/\/vilnonesdienos.lt\/wp-content\/uploads\/2024\/01\/IMG_3873.jpg","type":"image\/jpeg"}],"twitter_card":"summary_large_image","twitter_misc":{"Estimated reading time":"1 minute"},"schema":{"@context":"https:\/\/schema.org","@graph":[{"@type":"WebPage","@id":"https:\/\/vilnonesdienos.lt\/savanoriams\/","url":"https:\/\/vilnonesdienos.lt\/savanoriams\/","name":"Savanoriams &#8211; Vilnon\u0117s dienos","isPartOf":{"@id":"https:\/\/vilnonesdienos.lt\/#website"},"primaryImageOfPage":{"@id":"https:\/\/vilnonesdienos.lt\/savanoriams\/#primaryimage"},"image":{"@id":"https:\/\/vilnonesdienos.lt\/savanoriams\/#primaryimage"},"thumbnailUrl":"https:\/\/vilnonesdienos.lt\/wp-content\/uploads\/2024\/01\/IMG_3873.jpg","datePublished":"2024-02-23T13:48:12+00:00","dateModified":"2024-07-29T11:48:35+00:00","breadcrumb":{"@id":"https:\/\/vilnonesdienos.lt\/savanoriams\/#breadcrumb"},"inLanguage":"en-GB","potentialAction":[{"@type":"ReadAction","target":["https:\/\/vilnonesdienos.lt\/savanoriams\/"]}]},{"@type":"ImageObject","inLanguage":"en-GB","@id":"https:\/\/vilnonesdienos.lt\/savanoriams\/#primaryimage","url":"https:\/\/vilnonesdienos.lt\/wp-content\/uploads\/2024\/01\/IMG_3873.jpg","contentUrl":"https:\/\/vilnonesdienos.lt\/wp-content\/uploads\/2024\/01\/IMG_3873.jpg","width":1138,"height":1707},{"@type":"BreadcrumbList","@id":"https:\/\/vilnonesdienos.lt\/savanoriams\/#breadcrumb","itemListElement":[{"@type":"ListItem","position":1,"name":"Prad\u017eia","item":"https:\/\/vilnonesdienos.lt\/"},{"@type":"ListItem","position":2,"name":"Savanoriams"}]},{"@type":"WebSite","@id":"https:\/\/vilnonesdienos.lt\/#website","url":"https:\/\/vilnonesdienos.lt\/","name":"Vilnon\u0117s dienos","description":"International Craft and Art Festival","publisher":{"@id":"https:\/\/vilnonesdienos.lt\/#organization"},"alternateName":"Tarptautinis amat\u0173 ir meno festivalis","potentialAction":[{"@type":"SearchAction","target":{"@type":"EntryPoint","urlTemplate":"https:\/\/vilnonesdienos.lt\/?s={search_term_string}"},"query-input":{"@type":"PropertyValueSpecification","valueRequired":true,"valueName":"search_term_string"}}],"inLanguage":"en-GB"},{"@type":"Organization","@id":"https:\/\/vilnonesdienos.lt\/#organization","name":"Vilnon\u0117s dienos","url":"https:\/\/vilnonesdienos.lt\/","logo":{"@type":"ImageObject","inLanguage":"en-GB","@id":"https:\/\/vilnonesdienos.lt\/#\/schema\/logo\/image\/","url":"https:\/\/vilnonesdienos.lt\/wp-content\/uploads\/2021\/07\/Vilnones-dienos_logo_melynas.png","contentUrl":"https:\/\/vilnonesdienos.lt\/wp-content\/uploads\/2021\/07\/Vilnones-dienos_logo_melynas.png","width":2862,"height":1941,"caption":"Vilnon\u0117s dienos"},"image":{"@id":"https:\/\/vilnonesdienos.lt\/#\/schema\/logo\/image\/"},"sameAs":["https:\/\/www.facebook.com\/vilnonesdienos"]}]}},"_links":{"self":[{"href":"https:\/\/vilnonesdienos.lt\/en\/wp-json\/wp\/v2\/pages\/20798","targetHints":{"allow":["GET"]}}],"collection":[{"href":"https:\/\/vilnonesdienos.lt\/en\/wp-json\/wp\/v2\/pages"}],"about":[{"href":"https:\/\/vilnonesdienos.lt\/en\/wp-json\/wp\/v2\/types\/page"}],"author":[{"embeddable":true,"href":"https:\/\/vilnonesdienos.lt\/en\/wp-json\/wp\/v2\/users\/1"}],"replies":[{"embeddable":true,"href":"https:\/\/vilnonesdienos.lt\/en\/wp-json\/wp\/v2\/comments?post=20798"}],"version-history":[{"count":0,"href":"https:\/\/vilnonesdienos.lt\/en\/wp-json\/wp\/v2\/pages\/20798\/revisions"}],"wp:featuredmedia":[{"embeddable":true,"href":"https:\/\/vilnonesdienos.lt\/en\/wp-json\/wp\/v2\/media\/19337"}],"wp:attachment":[{"href":"https:\/\/vilnonesdienos.lt\/en\/wp-json\/wp\/v2\/media?parent=20798"}],"curies":[{"name":"wp","href":"https:\/\/api.w.org\/{rel}","templated":true}]}}