{"id":19204,"date":"2024-01-05T21:07:36","date_gmt":"2024-01-05T21:07:36","guid":{"rendered":"https:\/\/vilnonesdienos.lt\/?page_id=19204"},"modified":"2025-08-27T10:22:36","modified_gmt":"2025-08-27T08:22:36","slug":"registracija-i-pesciuju-zygi","status":"publish","type":"page","link":"https:\/\/vilnonesdienos.lt\/en\/registracija-i-pesciuju-zygi\/","title":{"rendered":"Registracija \u012f p\u0117s\u010di\u0173j\u0173 \u017eyg\u012f"},"content":{"rendered":"<div data-elementor-type=\"wp-page\" data-elementor-id=\"19204\" class=\"elementor elementor-19204\">\n\t\t\t\t\t\t<section class=\"elementor-section elementor-top-section elementor-element elementor-element-bb3e2db elementor-section-boxed elementor-section-height-default elementor-section-height-default sc_fly_static e-parent\" data-id=\"bb3e2db\" data-element_type=\"section\" data-settings=\"{&quot;background_background&quot;:&quot;classic&quot;}\">\n\t\t\t\t\t\t<div class=\"elementor-container elementor-column-gap-extended\">\n\t\t\t\t\t<div class=\"elementor-column elementor-col-100 elementor-top-column elementor-element elementor-element-b3db124 sc_content_align_inherit sc_layouts_column_icons_position_left lakit-col-width-auto-no sc_fly_static\" data-id=\"b3db124\" data-element_type=\"column\">\n\t\t\t<div class=\"elementor-widget-wrap elementor-element-populated\">\n\t\t\t\t\t\t<div class=\"elementor-element elementor-element-ebc7f29 sc_height_medium sc_fly_static elementor-widget elementor-widget-spacer\" data-id=\"ebc7f29\" data-element_type=\"widget\" data-widget_type=\"spacer.default\">\n\t\t\t\t<div class=\"elementor-widget-container\">\n\t\t\t\t\t\t\t<div class=\"elementor-spacer\">\n\t\t\t<div class=\"elementor-spacer-inner\"><\/div>\n\t\t<\/div>\n\t\t\t\t\t\t<\/div>\n\t\t\t\t<\/div>\n\t\t\t\t<section class=\"elementor-section elementor-inner-section elementor-element elementor-element-522700a elementor-section-boxed elementor-section-height-default elementor-section-height-default sc_fly_static\" data-id=\"522700a\" data-element_type=\"section\">\n\t\t\t\t\t\t<div class=\"elementor-container elementor-column-gap-extended\">\n\t\t\t\t\t<div class=\"elementor-column elementor-col-50 elementor-inner-column elementor-element elementor-element-e4156b9 sc_content_align_inherit sc_layouts_column_icons_position_left lakit-col-width-auto-no sc_fly_static\" data-id=\"e4156b9\" data-element_type=\"column\">\n\t\t\t<div class=\"elementor-widget-wrap elementor-element-populated\">\n\t\t\t\t\t\t<div class=\"elementor-element elementor-element-95ef2d7 sc_fly_static elementor-widget elementor-widget-text-editor\" data-id=\"95ef2d7\" data-element_type=\"widget\" data-widget_type=\"text-editor.default\">\n\t\t\t\t<div class=\"elementor-widget-container\">\n\t\t\t\t\t\t\t\t\t<p><span class=\"x193iq5w xeuugli x13faqbe x1vvkbs x1xmvt09 x1lliihq x1s928wv xhkezso x1gmr53x x1cpjm7i x1fgarty x1943h6x xudqn12 x3x7a5m x6prxxf xvq8zen xo1l8bm xzsf02u\" dir=\"auto\">Jubiliejin\u012f, 10-\u0105j\u012f festival\u012f prad\u0117sime p\u0117s\u010di\u0173j\u0173 \u017eygiu \u201e\u0104\u017euolpam\u016b\u0161\u0117s takais\u201c. Keliausime M\u016b\u0161os pakrante, pro i\u0161nykusias sodybas, piliakaln\u012f. \u017dyg\u012f t\u0119sime \u0104\u017euolpam\u016b\u0161\u0117s dvaro valdose, kur kadaise turtingi ponai leido dienas ir dramati\u0161kai baig\u0117 gyvenimus&#8230;<br class=\"html-br\" \/>Mar\u0161ruto ilgis 11 km.<\/span><\/p><p><span class=\"x193iq5w xeuugli x13faqbe x1vvkbs x1xmvt09 x1lliihq x1s928wv xhkezso x1gmr53x x1cpjm7i x1fgarty x1943h6x xudqn12 x3x7a5m x6prxxf xvq8zen xo1l8bm xzsf02u\" dir=\"auto\"><b>\u017dygio prad\u017eia <\/b>\u2013 rugpj\u016b\u010dio 30 d., \u0161e\u0161tadien\u012f, 10 val.<b><br \/>\u017dygiuosime nuo Rauboni\u0173 mal\u016bno <\/b>(Taikos g. 5, Raubonys, Pasvalio r.) <br class=\"html-br\" \/><br class=\"html-br\" \/>Norin\u010dius \u017eygiuoti, kvie\u010diame registruotis. Registracijos nuoroda: <a href=\"https:\/\/forms.gle\/9Mi4tY8nXonLHXDk7\" target=\"_blank\" rel=\"noopener\">https:\/\/forms.gle\/9Mi4tY8nXonLHXDk7<\/a>. <span class=\"html-span xexx8yu xyri2b x18d9i69 x1c1uobl x1hl2dhg x16tdsg8 x1vvkbs x3nfvp2 x1j61x8r x1fcty0u xdj266r xat24cr xm2jcoa x1mpyi22 xxymvpz xlup9mm x1kky2od\"><img decoding=\"async\" class=\"xz74otr x15mokao x1ga7v0g x16uus16 xbiv7yw\" src=\"https:\/\/static.xx.fbcdn.net\/images\/emoji.php\/v9\/t6c\/1\/16\/1f411.png\" alt=\"\ud83d\udc11\" width=\"16\" height=\"16\" \/><\/span><br class=\"html-br\" \/><br class=\"html-br\" \/><span class=\"html-span xdj266r x14z9mp xat24cr x1lziwak xexx8yu xyri2b x18d9i69 x1c1uobl x1hl2dhg x16tdsg8 x1vvkbs\"><span class=\"xt0psk2\"><span class=\"xjp7ctv\">X Tarptautinis amat\u0173 ir meno festivalis \u201eVilnon\u0117s dienos\u201c<\/span><\/span><\/span> \u2013 jau rugpj\u016b\u010dio 30-31 d.! <span class=\"html-span xexx8yu xyri2b x18d9i69 x1c1uobl x1hl2dhg x16tdsg8 x1vvkbs x3nfvp2 x1j61x8r x1fcty0u xdj266r xat24cr xm2jcoa x1mpyi22 xxymvpz xlup9mm x1kky2od\"><img decoding=\"async\" class=\"xz74otr x15mokao x1ga7v0g x16uus16 xbiv7yw\" src=\"https:\/\/static.xx.fbcdn.net\/images\/emoji.php\/v9\/t1e\/1\/16\/1f33f.png\" alt=\"\ud83c\udf3f\" width=\"16\" height=\"16\" \/><\/span><span class=\"html-span xexx8yu xyri2b x18d9i69 x1c1uobl x1hl2dhg x16tdsg8 x1vvkbs x3nfvp2 x1j61x8r x1fcty0u xdj266r xat24cr xm2jcoa x1mpyi22 xxymvpz xlup9mm x1kky2od\"><img decoding=\"async\" class=\"xz74otr x15mokao x1ga7v0g x16uus16 xbiv7yw\" src=\"https:\/\/static.xx.fbcdn.net\/images\/emoji.php\/v9\/t6c\/1\/16\/1f411.png\" alt=\"\ud83d\udc11\" width=\"16\" height=\"16\" \/><\/span><\/span><\/p>\t\t\t\t\t\t\t\t<\/div>\n\t\t\t\t<\/div>\n\t\t\t\t<div class=\"elementor-element elementor-element-f940e2c sc_fly_static elementor-widget elementor-widget-spacer\" data-id=\"f940e2c\" data-element_type=\"widget\" data-widget_type=\"spacer.default\">\n\t\t\t\t<div class=\"elementor-widget-container\">\n\t\t\t\t\t\t\t<div class=\"elementor-spacer\">\n\t\t\t<div class=\"elementor-spacer-inner\"><\/div>\n\t\t<\/div>\n\t\t\t\t\t\t<\/div>\n\t\t\t\t<\/div>\n\t\t\t\t\t<\/div>\n\t\t<\/div>\n\t\t\t\t<div class=\"elementor-column elementor-col-50 elementor-inner-column elementor-element elementor-element-9737f99 sc_content_align_inherit sc_layouts_column_icons_position_left lakit-col-width-auto-no sc_fly_static\" data-id=\"9737f99\" data-element_type=\"column\">\n\t\t\t<div class=\"elementor-widget-wrap elementor-element-populated\">\n\t\t\t\t\t\t<div class=\"elementor-element elementor-element-2291242 sc_fly_static elementor-widget elementor-widget-html\" data-id=\"2291242\" data-element_type=\"widget\" data-widget_type=\"html.default\">\n\t\t\t\t<div class=\"elementor-widget-container\">\n\t\t\t\t\t<iframe src=\"https:\/\/docs.google.com\/forms\/d\/e\/1FAIpQLSfC4EV_UD_hdU87RlYr03eyaZghYsZaqfc_J5wqKLSDkARDIA\/viewform?embedded=true\" width=\"640\" height=\"850\" frameborder=\"0\" marginheight=\"0\" marginwidth=\"0\">\u012ekeliama\u2026<\/iframe>\t\t\t\t<\/div>\n\t\t\t\t<\/div>\n\t\t\t\t\t<\/div>\n\t\t<\/div>\n\t\t\t\t\t<\/div>\n\t\t<\/section>\n\t\t\t\t\t<\/div>\n\t\t<\/div>\n\t\t\t\t\t<\/div>\n\t\t<\/section>\n\t\t\t\t<section class=\"elementor-section elementor-top-section elementor-element elementor-element-25c07c8 scheme_default elementor-section-boxed elementor-section-height-default elementor-section-height-default sc_fly_static e-parent\" data-id=\"25c07c8\" data-element_type=\"section\" data-settings=\"{&quot;background_background&quot;:&quot;classic&quot;}\">\n\t\t\t\t\t\t<div class=\"elementor-container elementor-column-gap-extended\">\n\t\t\t\t\t<div class=\"elementor-column elementor-col-100 elementor-top-column elementor-element elementor-element-5078118 sc_content_align_inherit sc_layouts_column_icons_position_left lakit-col-width-auto-no sc_fly_static\" data-id=\"5078118\" data-element_type=\"column\">\n\t\t\t<div class=\"elementor-widget-wrap elementor-element-populated\">\n\t\t\t\t\t\t<div class=\"elementor-element elementor-element-f667770 sc_height_huge sc_fly_static elementor-widget elementor-widget-spacer\" data-id=\"f667770\" data-element_type=\"widget\" data-widget_type=\"spacer.default\">\n\t\t\t\t<div class=\"elementor-widget-container\">\n\t\t\t\t\t\t\t<div class=\"elementor-spacer\">\n\t\t\t<div class=\"elementor-spacer-inner\"><\/div>\n\t\t<\/div>\n\t\t\t\t\t\t<\/div>\n\t\t\t\t<\/div>\n\t\t\t\t\t<\/div>\n\t\t<\/div>\n\t\t\t\t\t<\/div>\n\t\t<\/section>\n\t\t\t\t<\/div>","protected":false},"excerpt":{"rendered":"<p>Jubiliejin\u012f, 10-\u0105j\u012f festival\u012f prad\u0117sime p\u0117s\u010di\u0173j\u0173 \u017eygiu \u201e\u0104\u017euolpam\u016b\u0161\u0117s takais\u201c. Keliausime M\u016b\u0161os pakrante, pro i\u0161nykusias sodybas, piliakaln\u012f. \u017dyg\u012f t\u0119sime \u0104\u017euolpam\u016b\u0161\u0117s dvaro valdose, kur kadaise turtingi ponai leido dienas ir dramati\u0161kai baig\u0117 gyvenimus&#8230;Mar\u0161ruto&hellip;<\/p>","protected":false},"author":1,"featured_media":21227,"parent":0,"menu_order":0,"comment_status":"closed","ping_status":"closed","template":"","meta":{"footnotes":"","_links_to":"","_links_to_target":""},"class_list":["post-19204","page","type-page","status-publish","has-post-thumbnail","hentry"],"yoast_head":"<!-- This site is optimized with the Yoast SEO plugin v27.4 - https:\/\/yoast.com\/product\/yoast-seo-wordpress\/ -->\n<title>Registracija \u012f p\u0117s\u010di\u0173j\u0173 \u017eyg\u012f &#8211; Tarptautinis amat\u0173 ir meno festivalis<\/title>\n<meta name=\"robots\" content=\"index, follow, max-snippet:-1, max-image-preview:large, max-video-preview:-1\" \/>\n<link rel=\"canonical\" href=\"https:\/\/vilnonesdienos.lt\/en\/registracija-i-pesciuju-zygi\/\" \/>\n<meta property=\"og:locale\" content=\"en_GB\" \/>\n<meta property=\"og:type\" content=\"article\" \/>\n<meta property=\"og:title\" content=\"Registracija \u012f p\u0117s\u010di\u0173j\u0173 \u017eyg\u012f &#8211; Tarptautinis amat\u0173 ir meno festivalis\" \/>\n<meta property=\"og:description\" content=\"Jubiliejin\u012f, 10-\u0105j\u012f festival\u012f prad\u0117sime p\u0117s\u010di\u0173j\u0173 \u017eygiu \u201e\u0104\u017euolpam\u016b\u0161\u0117s takais\u201c. Keliausime M\u016b\u0161os pakrante, pro i\u0161nykusias sodybas, piliakaln\u012f. \u017dyg\u012f t\u0119sime \u0104\u017euolpam\u016b\u0161\u0117s dvaro valdose, kur kadaise turtingi ponai leido dienas ir dramati\u0161kai baig\u0117 gyvenimus&#8230;Mar\u0161ruto&hellip;\" \/>\n<meta property=\"og:url\" content=\"https:\/\/vilnonesdienos.lt\/en\/registracija-i-pesciuju-zygi\/\" \/>\n<meta property=\"og:site_name\" content=\"Vilnon\u0117s dienos\" \/>\n<meta property=\"article:publisher\" content=\"https:\/\/www.facebook.com\/vilnonesdienos\" \/>\n<meta property=\"article:modified_time\" content=\"2025-08-27T08:22:36+00:00\" \/>\n<meta property=\"og:image\" content=\"https:\/\/vilnonesdienos.lt\/wp-content\/uploads\/2024\/08\/seni-raubonys.png\" \/>\n\t<meta property=\"og:image:width\" content=\"602\" \/>\n\t<meta property=\"og:image:height\" content=\"368\" \/>\n\t<meta property=\"og:image:type\" content=\"image\/png\" \/>\n<meta name=\"twitter:card\" content=\"summary_large_image\" \/>\n<meta name=\"twitter:label1\" content=\"Estimated reading time\" \/>\n\t<meta name=\"twitter:data1\" content=\"1 minute\" \/>\n<script type=\"application\/ld+json\" class=\"yoast-schema-graph\">{\"@context\":\"https:\\\/\\\/schema.org\",\"@graph\":[{\"@type\":\"WebPage\",\"@id\":\"https:\\\/\\\/vilnonesdienos.lt\\\/registracija-i-pesciuju-zygi\\\/\",\"url\":\"https:\\\/\\\/vilnonesdienos.lt\\\/registracija-i-pesciuju-zygi\\\/\",\"name\":\"Registracija \u012f p\u0117s\u010di\u0173j\u0173 \u017eyg\u012f &#8211; Tarptautinis amat\u0173 ir meno festivalis\",\"isPartOf\":{\"@id\":\"https:\\\/\\\/vilnonesdienos.lt\\\/#website\"},\"primaryImageOfPage\":{\"@id\":\"https:\\\/\\\/vilnonesdienos.lt\\\/registracija-i-pesciuju-zygi\\\/#primaryimage\"},\"image\":{\"@id\":\"https:\\\/\\\/vilnonesdienos.lt\\\/registracija-i-pesciuju-zygi\\\/#primaryimage\"},\"thumbnailUrl\":\"https:\\\/\\\/vilnonesdienos.lt\\\/wp-content\\\/uploads\\\/2024\\\/08\\\/seni-raubonys.png\",\"datePublished\":\"2024-01-05T21:07:36+00:00\",\"dateModified\":\"2025-08-27T08:22:36+00:00\",\"breadcrumb\":{\"@id\":\"https:\\\/\\\/vilnonesdienos.lt\\\/registracija-i-pesciuju-zygi\\\/#breadcrumb\"},\"inLanguage\":\"en-GB\",\"potentialAction\":[{\"@type\":\"ReadAction\",\"target\":[\"https:\\\/\\\/vilnonesdienos.lt\\\/registracija-i-pesciuju-zygi\\\/\"]}]},{\"@type\":\"ImageObject\",\"inLanguage\":\"en-GB\",\"@id\":\"https:\\\/\\\/vilnonesdienos.lt\\\/registracija-i-pesciuju-zygi\\\/#primaryimage\",\"url\":\"https:\\\/\\\/vilnonesdienos.lt\\\/wp-content\\\/uploads\\\/2024\\\/08\\\/seni-raubonys.png\",\"contentUrl\":\"https:\\\/\\\/vilnonesdienos.lt\\\/wp-content\\\/uploads\\\/2024\\\/08\\\/seni-raubonys.png\",\"width\":602,\"height\":368},{\"@type\":\"BreadcrumbList\",\"@id\":\"https:\\\/\\\/vilnonesdienos.lt\\\/registracija-i-pesciuju-zygi\\\/#breadcrumb\",\"itemListElement\":[{\"@type\":\"ListItem\",\"position\":1,\"name\":\"Prad\u017eia\",\"item\":\"https:\\\/\\\/vilnonesdienos.lt\\\/\"},{\"@type\":\"ListItem\",\"position\":2,\"name\":\"Registracija \u012f p\u0117s\u010di\u0173j\u0173 \u017eyg\u012f\"}]},{\"@type\":\"WebSite\",\"@id\":\"https:\\\/\\\/vilnonesdienos.lt\\\/#website\",\"url\":\"https:\\\/\\\/vilnonesdienos.lt\\\/\",\"name\":\"Vilnon\u0117s dienos\",\"description\":\"Tarptautinis amat\u0173 ir meno festivalis\",\"publisher\":{\"@id\":\"https:\\\/\\\/vilnonesdienos.lt\\\/#organization\"},\"alternateName\":\"Tarptautinis amat\u0173 ir meno festivalis\",\"potentialAction\":[{\"@type\":\"SearchAction\",\"target\":{\"@type\":\"EntryPoint\",\"urlTemplate\":\"https:\\\/\\\/vilnonesdienos.lt\\\/?s={search_term_string}\"},\"query-input\":{\"@type\":\"PropertyValueSpecification\",\"valueRequired\":true,\"valueName\":\"search_term_string\"}}],\"inLanguage\":\"en-GB\"},{\"@type\":\"Organization\",\"@id\":\"https:\\\/\\\/vilnonesdienos.lt\\\/#organization\",\"name\":\"Vilnon\u0117s dienos\",\"url\":\"https:\\\/\\\/vilnonesdienos.lt\\\/\",\"logo\":{\"@type\":\"ImageObject\",\"inLanguage\":\"en-GB\",\"@id\":\"https:\\\/\\\/vilnonesdienos.lt\\\/#\\\/schema\\\/logo\\\/image\\\/\",\"url\":\"https:\\\/\\\/vilnonesdienos.lt\\\/wp-content\\\/uploads\\\/2021\\\/07\\\/Vilnones-dienos_logo_melynas.png\",\"contentUrl\":\"https:\\\/\\\/vilnonesdienos.lt\\\/wp-content\\\/uploads\\\/2021\\\/07\\\/Vilnones-dienos_logo_melynas.png\",\"width\":2862,\"height\":1941,\"caption\":\"Vilnon\u0117s dienos\"},\"image\":{\"@id\":\"https:\\\/\\\/vilnonesdienos.lt\\\/#\\\/schema\\\/logo\\\/image\\\/\"},\"sameAs\":[\"https:\\\/\\\/www.facebook.com\\\/vilnonesdienos\"]}]}<\/script>\n<!-- \/ Yoast SEO plugin. -->","yoast_head_json":{"title":"Registracija \u012f p\u0117s\u010di\u0173j\u0173 \u017eyg\u012f &#8211; Tarptautinis amat\u0173 ir meno festivalis","robots":{"index":"index","follow":"follow","max-snippet":"max-snippet:-1","max-image-preview":"max-image-preview:large","max-video-preview":"max-video-preview:-1"},"canonical":"https:\/\/vilnonesdienos.lt\/en\/registracija-i-pesciuju-zygi\/","og_locale":"en_GB","og_type":"article","og_title":"Registracija \u012f p\u0117s\u010di\u0173j\u0173 \u017eyg\u012f &#8211; Tarptautinis amat\u0173 ir meno festivalis","og_description":"Jubiliejin\u012f, 10-\u0105j\u012f festival\u012f prad\u0117sime p\u0117s\u010di\u0173j\u0173 \u017eygiu \u201e\u0104\u017euolpam\u016b\u0161\u0117s takais\u201c. Keliausime M\u016b\u0161os pakrante, pro i\u0161nykusias sodybas, piliakaln\u012f. \u017dyg\u012f t\u0119sime \u0104\u017euolpam\u016b\u0161\u0117s dvaro valdose, kur kadaise turtingi ponai leido dienas ir dramati\u0161kai baig\u0117 gyvenimus&#8230;Mar\u0161ruto&hellip;","og_url":"https:\/\/vilnonesdienos.lt\/en\/registracija-i-pesciuju-zygi\/","og_site_name":"Vilnon\u0117s dienos","article_publisher":"https:\/\/www.facebook.com\/vilnonesdienos","article_modified_time":"2025-08-27T08:22:36+00:00","og_image":[{"width":602,"height":368,"url":"https:\/\/vilnonesdienos.lt\/wp-content\/uploads\/2024\/08\/seni-raubonys.png","type":"image\/png"}],"twitter_card":"summary_large_image","twitter_misc":{"Estimated reading time":"1 minute"},"schema":{"@context":"https:\/\/schema.org","@graph":[{"@type":"WebPage","@id":"https:\/\/vilnonesdienos.lt\/registracija-i-pesciuju-zygi\/","url":"https:\/\/vilnonesdienos.lt\/registracija-i-pesciuju-zygi\/","name":"Registracija \u012f p\u0117s\u010di\u0173j\u0173 \u017eyg\u012f &#8211; Tarptautinis amat\u0173 ir meno festivalis","isPartOf":{"@id":"https:\/\/vilnonesdienos.lt\/#website"},"primaryImageOfPage":{"@id":"https:\/\/vilnonesdienos.lt\/registracija-i-pesciuju-zygi\/#primaryimage"},"image":{"@id":"https:\/\/vilnonesdienos.lt\/registracija-i-pesciuju-zygi\/#primaryimage"},"thumbnailUrl":"https:\/\/vilnonesdienos.lt\/wp-content\/uploads\/2024\/08\/seni-raubonys.png","datePublished":"2024-01-05T21:07:36+00:00","dateModified":"2025-08-27T08:22:36+00:00","breadcrumb":{"@id":"https:\/\/vilnonesdienos.lt\/registracija-i-pesciuju-zygi\/#breadcrumb"},"inLanguage":"en-GB","potentialAction":[{"@type":"ReadAction","target":["https:\/\/vilnonesdienos.lt\/registracija-i-pesciuju-zygi\/"]}]},{"@type":"ImageObject","inLanguage":"en-GB","@id":"https:\/\/vilnonesdienos.lt\/registracija-i-pesciuju-zygi\/#primaryimage","url":"https:\/\/vilnonesdienos.lt\/wp-content\/uploads\/2024\/08\/seni-raubonys.png","contentUrl":"https:\/\/vilnonesdienos.lt\/wp-content\/uploads\/2024\/08\/seni-raubonys.png","width":602,"height":368},{"@type":"BreadcrumbList","@id":"https:\/\/vilnonesdienos.lt\/registracija-i-pesciuju-zygi\/#breadcrumb","itemListElement":[{"@type":"ListItem","position":1,"name":"Prad\u017eia","item":"https:\/\/vilnonesdienos.lt\/"},{"@type":"ListItem","position":2,"name":"Registracija \u012f p\u0117s\u010di\u0173j\u0173 \u017eyg\u012f"}]},{"@type":"WebSite","@id":"https:\/\/vilnonesdienos.lt\/#website","url":"https:\/\/vilnonesdienos.lt\/","name":"Vilnon\u0117s dienos","description":"International Craft and Art Festival","publisher":{"@id":"https:\/\/vilnonesdienos.lt\/#organization"},"alternateName":"Tarptautinis amat\u0173 ir meno festivalis","potentialAction":[{"@type":"SearchAction","target":{"@type":"EntryPoint","urlTemplate":"https:\/\/vilnonesdienos.lt\/?s={search_term_string}"},"query-input":{"@type":"PropertyValueSpecification","valueRequired":true,"valueName":"search_term_string"}}],"inLanguage":"en-GB"},{"@type":"Organization","@id":"https:\/\/vilnonesdienos.lt\/#organization","name":"Vilnon\u0117s dienos","url":"https:\/\/vilnonesdienos.lt\/","logo":{"@type":"ImageObject","inLanguage":"en-GB","@id":"https:\/\/vilnonesdienos.lt\/#\/schema\/logo\/image\/","url":"https:\/\/vilnonesdienos.lt\/wp-content\/uploads\/2021\/07\/Vilnones-dienos_logo_melynas.png","contentUrl":"https:\/\/vilnonesdienos.lt\/wp-content\/uploads\/2021\/07\/Vilnones-dienos_logo_melynas.png","width":2862,"height":1941,"caption":"Vilnon\u0117s dienos"},"image":{"@id":"https:\/\/vilnonesdienos.lt\/#\/schema\/logo\/image\/"},"sameAs":["https:\/\/www.facebook.com\/vilnonesdienos"]}]}},"_links":{"self":[{"href":"https:\/\/vilnonesdienos.lt\/en\/wp-json\/wp\/v2\/pages\/19204","targetHints":{"allow":["GET"]}}],"collection":[{"href":"https:\/\/vilnonesdienos.lt\/en\/wp-json\/wp\/v2\/pages"}],"about":[{"href":"https:\/\/vilnonesdienos.lt\/en\/wp-json\/wp\/v2\/types\/page"}],"author":[{"embeddable":true,"href":"https:\/\/vilnonesdienos.lt\/en\/wp-json\/wp\/v2\/users\/1"}],"replies":[{"embeddable":true,"href":"https:\/\/vilnonesdienos.lt\/en\/wp-json\/wp\/v2\/comments?post=19204"}],"version-history":[{"count":0,"href":"https:\/\/vilnonesdienos.lt\/en\/wp-json\/wp\/v2\/pages\/19204\/revisions"}],"wp:featuredmedia":[{"embeddable":true,"href":"https:\/\/vilnonesdienos.lt\/en\/wp-json\/wp\/v2\/media\/21227"}],"wp:attachment":[{"href":"https:\/\/vilnonesdienos.lt\/en\/wp-json\/wp\/v2\/media?parent=19204"}],"curies":[{"name":"wp","href":"https:\/\/api.w.org\/{rel}","templated":true}]}}