{"id":19197,"date":"2024-01-05T21:01:17","date_gmt":"2024-01-05T21:01:17","guid":{"rendered":"https:\/\/vilnonesdienos.lt\/?page_id=19197"},"modified":"2026-03-31T15:35:36","modified_gmt":"2026-03-31T13:35:36","slug":"muges-dalyviams","status":"publish","type":"page","link":"https:\/\/vilnonesdienos.lt\/en\/muges-dalyviams\/","title":{"rendered":"Fair participants"},"content":{"rendered":"<div data-elementor-type=\"wp-page\" data-elementor-id=\"19197\" class=\"elementor elementor-19197\">\n\t\t\t\t\t\t<section class=\"elementor-section elementor-top-section elementor-element elementor-element-bb3e2db elementor-section-boxed elementor-section-height-default elementor-section-height-default sc_fly_static e-parent\" data-id=\"bb3e2db\" data-element_type=\"section\" data-settings=\"{&quot;background_background&quot;:&quot;classic&quot;}\">\n\t\t\t\t\t\t<div class=\"elementor-container elementor-column-gap-extended\">\n\t\t\t\t\t<div class=\"elementor-column elementor-col-100 elementor-top-column elementor-element elementor-element-b3db124 sc_content_align_inherit sc_layouts_column_icons_position_left lakit-col-width-auto-no sc_fly_static\" data-id=\"b3db124\" data-element_type=\"column\">\n\t\t\t<div class=\"elementor-widget-wrap elementor-element-populated\">\n\t\t\t\t\t\t<section class=\"elementor-section elementor-inner-section elementor-element elementor-element-522700a elementor-section-boxed elementor-section-height-default elementor-section-height-default sc_fly_static\" data-id=\"522700a\" data-element_type=\"section\">\n\t\t\t\t\t\t<div class=\"elementor-container elementor-column-gap-extended\">\n\t\t\t\t\t<div class=\"elementor-column elementor-col-100 elementor-inner-column elementor-element elementor-element-e4156b9 sc_layouts_hide_on_wide sc_layouts_hide_on_desktop sc_layouts_hide_on_notebook sc_layouts_hide_on_tablet sc_layouts_hide_on_mobile sc_content_align_inherit sc_layouts_column_icons_position_left lakit-col-width-auto-no sc_fly_static\" data-id=\"e4156b9\" data-element_type=\"column\">\n\t\t\t<div class=\"elementor-widget-wrap elementor-element-populated\">\n\t\t\t\t\t\t<div class=\"elementor-element elementor-element-e2d2132 sc_fly_static elementor-widget elementor-widget-spacer\" data-id=\"e2d2132\" data-element_type=\"widget\" data-widget_type=\"spacer.default\">\n\t\t\t\t<div class=\"elementor-widget-container\">\n\t\t\t\t\t\t\t<div class=\"elementor-spacer\">\n\t\t\t<div class=\"elementor-spacer-inner\"><\/div>\n\t\t<\/div>\n\t\t\t\t\t\t<\/div>\n\t\t\t\t<\/div>\n\t\t\t\t<div class=\"elementor-element elementor-element-37a9cdb elementor-widget-divider--view-line sc_fly_static elementor-widget elementor-widget-divider\" data-id=\"37a9cdb\" data-element_type=\"widget\" data-widget_type=\"divider.default\">\n\t\t\t\t<div class=\"elementor-widget-container\">\n\t\t\t\t\t\t\t<div class=\"elementor-divider\">\n\t\t\t<span class=\"elementor-divider-separator\">\n\t\t\t\t\t\t<\/span>\n\t\t<\/div>\n\t\t\t\t\t\t<\/div>\n\t\t\t\t<\/div>\n\t\t\t\t<div class=\"elementor-element elementor-element-ad1416c sc_fly_static elementor-widget elementor-widget-spacer\" data-id=\"ad1416c\" data-element_type=\"widget\" data-widget_type=\"spacer.default\">\n\t\t\t\t<div class=\"elementor-widget-container\">\n\t\t\t\t\t\t\t<div class=\"elementor-spacer\">\n\t\t\t<div class=\"elementor-spacer-inner\"><\/div>\n\t\t<\/div>\n\t\t\t\t\t\t<\/div>\n\t\t\t\t<\/div>\n\t\t\t\t<div class=\"elementor-element elementor-element-95ef2d7 elementor-widget__width-initial elementor-widget-mobile__width-initial sc_fly_static elementor-widget elementor-widget-text-editor\" data-id=\"95ef2d7\" data-element_type=\"widget\" data-widget_type=\"text-editor.default\">\n\t\t\t\t<div class=\"elementor-widget-container\">\n\t\t\t\t\t\t\t\t\t<h4>Mug\u0117s dalyvi\u0173 registracija <span style=\"color: #999f3b;\"><strong>NO LONGER OPEN!<\/strong><\/span><\/h4><p><em>If you have any questions, please contact us:<br \/><\/em>Festival organiser\u00a0<strong>Lukas Simsonas<\/strong><br \/>Email address: <a href=\"mailto:labas@vilnonesdienos.lt\">labas@vilnonesdienos.lt<\/a><br \/>Phone:\u00a0<strong>+370 (625) 51 758<\/strong><\/p>\t\t\t\t\t\t\t\t<\/div>\n\t\t\t\t<\/div>\n\t\t\t\t\t<\/div>\n\t\t<\/div>\n\t\t\t\t\t<\/div>\n\t\t<\/section>\n\t\t\t\t<section class=\"elementor-section elementor-inner-section elementor-element elementor-element-1ac2c35 elementor-section-boxed elementor-section-height-default elementor-section-height-default sc_fly_static\" data-id=\"1ac2c35\" data-element_type=\"section\">\n\t\t\t\t\t\t<div class=\"elementor-container elementor-column-gap-extended\">\n\t\t\t\t\t<div class=\"elementor-column elementor-col-50 elementor-inner-column elementor-element elementor-element-7917cbc sc_content_align_inherit sc_layouts_column_icons_position_left lakit-col-width-auto-no sc_fly_static\" data-id=\"7917cbc\" data-element_type=\"column\">\n\t\t\t<div class=\"elementor-widget-wrap elementor-element-populated\">\n\t\t\t\t\t\t<div class=\"elementor-element elementor-element-8738a9c sc_fly_static elementor-widget elementor-widget-text-editor\" data-id=\"8738a9c\" data-element_type=\"widget\" data-widget_type=\"text-editor.default\">\n\t\t\t\t<div class=\"elementor-widget-container\">\n\t\t\t\t\t\t\t\t\t<p>We invite artisans, folk artists, vendors, weavers, and anyone else who wants to surprise festival visitors with their work to sign up!<\/p><p class=\"font_7 wixui-rich-text__text\"><span style=\"color: #999f3b;\"><strong><span class=\"wixui-rich-text__text\">The 2026 fair will take place on\u00a0<\/span><\/strong><\/span><span class=\"wixui-rich-text__text\"><span class=\"color_42 wixui-rich-text__text\"><span style=\"color: #999f3b;\"><strong>August 29\u201330.<\/strong><\/span><br \/><\/span><\/span><span class=\"wixui-rich-text__text\">Registration for participants is open until\u00a0<\/span><span class=\"color_42 wixui-rich-text__text\"><span class=\"wixui-rich-text__text\">August 2, 2026.<\/span><\/span><\/p><p><em>Registration and information:\u00a0<\/em><\/p><p><span style=\"color: #999f3b;\"><strong>\u2013 LT \u2013<\/strong><\/span><br \/>Festival organiser\u00a0<b>Lukas Simsonas<br \/><\/b>Email address: <a href=\"mailto:labas@vilnonesdienos.lt\">labas@vilnonesdienos.lt<\/a><br \/>Phone:\u00a0<strong>+370 (625) 51 758<\/strong><\/p><p><span style=\"color: #999f3b;\"><strong>\u2013 EN \/ RU \u2013<\/strong><\/span><br \/>Festival organiser\u00a0<b>Vaidotas Gikys<br \/><\/b>Email address: <a href=\"mailto:labas@vilnonesdienos.lt\">labas@vilnonesdienos.lt<\/a><br \/>Phone:\u00a0<strong>+370 (698) 14 356<\/strong><\/p>\t\t\t\t\t\t\t\t<\/div>\n\t\t\t\t<\/div>\n\t\t\t\t<div class=\"elementor-element elementor-element-be96be9 elementor-widget-divider--view-line sc_fly_static elementor-widget elementor-widget-divider\" data-id=\"be96be9\" data-element_type=\"widget\" data-widget_type=\"divider.default\">\n\t\t\t\t<div class=\"elementor-widget-container\">\n\t\t\t\t\t\t\t<div class=\"elementor-divider\">\n\t\t\t<span class=\"elementor-divider-separator\">\n\t\t\t\t\t\t<\/span>\n\t\t<\/div>\n\t\t\t\t\t\t<\/div>\n\t\t\t\t<\/div>\n\t\t\t\t<div class=\"elementor-element elementor-element-72148f8 sc_fly_static elementor-widget elementor-widget-trx_sc_button\" data-id=\"72148f8\" data-element_type=\"widget\" data-widget_type=\"trx_sc_button.default\">\n\t\t\t\t<div class=\"elementor-widget-container\">\n\t\t\t\t\t<div\tclass=\"sc_item_button sc_button_wrap sc_align_center\" ><a href=\"https:\/\/forms.gle\/7HnNcJiASkqXjrTZ8\" class=\"sc_button sc_button_hover sc_button_size_normal sc_button_icon_left\" target=\"_blank\" ><span class=\"sc_button_text\"><span class=\"sc_button_title\">FILL OUT THE REGISTRATION FORM<\/span><\/span><\/a><\/div>\t\t\t\t<\/div>\n\t\t\t\t<\/div>\n\t\t\t\t<div class=\"elementor-element elementor-element-fb6b5fe elementor-widget-divider--view-line sc_fly_static elementor-widget elementor-widget-divider\" data-id=\"fb6b5fe\" data-element_type=\"widget\" data-widget_type=\"divider.default\">\n\t\t\t\t<div class=\"elementor-widget-container\">\n\t\t\t\t\t\t\t<div class=\"elementor-divider\">\n\t\t\t<span class=\"elementor-divider-separator\">\n\t\t\t\t\t\t<\/span>\n\t\t<\/div>\n\t\t\t\t\t\t<\/div>\n\t\t\t\t<\/div>\n\t\t\t\t<div class=\"elementor-element elementor-element-532f7b5 sc_fly_static elementor-widget elementor-widget-spacer\" data-id=\"532f7b5\" data-element_type=\"widget\" data-widget_type=\"spacer.default\">\n\t\t\t\t<div class=\"elementor-widget-container\">\n\t\t\t\t\t\t\t<div class=\"elementor-spacer\">\n\t\t\t<div class=\"elementor-spacer-inner\"><\/div>\n\t\t<\/div>\n\t\t\t\t\t\t<\/div>\n\t\t\t\t<\/div>\n\t\t\t\t<div class=\"elementor-element elementor-element-d8cac21 sc_fly_static elementor-widget elementor-widget-heading\" data-id=\"d8cac21\" data-element_type=\"widget\" data-widget_type=\"heading.default\">\n\t\t\t\t<div class=\"elementor-widget-container\">\n\t\t\t\t\t<h3 class=\"elementor-heading-title elementor-size-default\">\u2013 Important information \u2013<\/h3>\t\t\t\t<\/div>\n\t\t\t\t<\/div>\n\t\t\t\t<div class=\"elementor-element elementor-element-7f4019e sc_fly_static elementor-widget elementor-widget-spacer\" data-id=\"7f4019e\" data-element_type=\"widget\" data-widget_type=\"spacer.default\">\n\t\t\t\t<div class=\"elementor-widget-container\">\n\t\t\t\t\t\t\t<div class=\"elementor-spacer\">\n\t\t\t<div class=\"elementor-spacer-inner\"><\/div>\n\t\t<\/div>\n\t\t\t\t\t\t<\/div>\n\t\t\t\t<\/div>\n\t\t\t\t<div class=\"elementor-element elementor-element-6889d0d sc_fly_static elementor-widget elementor-widget-text-editor\" data-id=\"6889d0d\" data-element_type=\"widget\" data-widget_type=\"text-editor.default\">\n\t\t\t\t<div class=\"elementor-widget-container\">\n\t\t\t\t\t\t\t\t\t<h6 style=\"text-align: center;\"><strong><span style=\"color: #999f3b;\">PARTICIPATION FEE:<\/span><\/strong><\/h6><ul><li><strong><span style=\"color: #999f3b;\">To fair participants:<\/span><\/strong>\u00a0a nominal <strong><span style=\"color: #999f3b;\">10 \u20ac<\/span><\/strong>\u00a0fee <em>(to support the festival)<\/em><\/li><li><span style=\"color: #999f3b;\"><strong>Prekybininkams maistu:<\/strong><\/span> a nominal<strong><span style=\"color: #999f3b;\"> 30 \u20ac<\/span><\/strong>\u00a0fee <em>(to support the festival)<\/em><\/li><\/ul>\t\t\t\t\t\t\t\t<\/div>\n\t\t\t\t<\/div>\n\t\t\t\t<div class=\"elementor-element elementor-element-cd88693 elementor-widget-divider--view-line sc_fly_static elementor-widget elementor-widget-divider\" data-id=\"cd88693\" data-element_type=\"widget\" data-widget_type=\"divider.default\">\n\t\t\t\t<div class=\"elementor-widget-container\">\n\t\t\t\t\t\t\t<div class=\"elementor-divider\">\n\t\t\t<span class=\"elementor-divider-separator\">\n\t\t\t\t\t\t<\/span>\n\t\t<\/div>\n\t\t\t\t\t\t<\/div>\n\t\t\t\t<\/div>\n\t\t\t\t<div class=\"elementor-element elementor-element-67c255b sc_fly_static elementor-widget elementor-widget-text-editor\" data-id=\"67c255b\" data-element_type=\"widget\" data-widget_type=\"text-editor.default\">\n\t\t\t\t<div class=\"elementor-widget-container\">\n\t\t\t\t\t\t\t\t\t<h6 style=\"text-align: center;\" data-start=\"358\" data-end=\"381\"><span style=\"color: #999f3b;\"><strong data-start=\"358\" data-end=\"381\">REGISTRATION PROCESS:<\/strong><\/span><\/h6><ol data-start=\"382\" data-end=\"590\"><li data-section-id=\"re1juk\" data-start=\"382\" data-end=\"416\">Once you have filled out the registration form, your application will be reviewed<\/li><li data-section-id=\"1cnzd4a\" data-start=\"451\" data-end=\"521\">Selected fair participants will receive payment instructions via email<\/li><li data-section-id=\"13myun5\" data-start=\"522\" data-end=\"590\">Once payment has been made, your registration will be confirmed in a separate email<\/li><\/ol>\t\t\t\t\t\t\t\t<\/div>\n\t\t\t\t<\/div>\n\t\t\t\t<div class=\"elementor-element elementor-element-4bc24bc elementor-widget-divider--view-line sc_fly_static elementor-widget elementor-widget-divider\" data-id=\"4bc24bc\" data-element_type=\"widget\" data-widget_type=\"divider.default\">\n\t\t\t\t<div class=\"elementor-widget-container\">\n\t\t\t\t\t\t\t<div class=\"elementor-divider\">\n\t\t\t<span class=\"elementor-divider-separator\">\n\t\t\t\t\t\t<\/span>\n\t\t<\/div>\n\t\t\t\t\t\t<\/div>\n\t\t\t\t<\/div>\n\t\t\t\t<div class=\"elementor-element elementor-element-33f5d22 sc_fly_static elementor-widget elementor-widget-text-editor\" data-id=\"33f5d22\" data-element_type=\"widget\" data-widget_type=\"text-editor.default\">\n\t\t\t\t<div class=\"elementor-widget-container\">\n\t\t\t\t\t\t\t\t\t<h6 style=\"text-align: center;\"><span style=\"color: #999f3b;\"><strong>GENERAL <span style=\"color: #999f3b;\">INFORMATION:<\/span><\/strong><\/span><\/h6><ul><li data-section-id=\"jio3dt\" data-start=\"1350\" data-end=\"1423\">The organizers reserve the right to contact only selected participants<\/li><li data-section-id=\"y6z8ol\" data-start=\"1424\" data-end=\"1470\">The registration fee <span style=\"color: #999f3b;\"><strong data-start=\"1449\" data-end=\"1468\">is non-refundable<\/strong><\/span><\/li><li data-section-id=\"gi7inc\" data-start=\"1471\" data-end=\"1536\">Confirmation of registration may take up to <span style=\"color: #999f3b;\"><strong data-start=\"1519\" data-end=\"1536\">5 business days<\/strong><\/span><\/li><li data-section-id=\"gi7inc\" data-start=\"1471\" data-end=\"1536\">The number of retail locations is limited<\/li><\/ul>\t\t\t\t\t\t\t\t<\/div>\n\t\t\t\t<\/div>\n\t\t\t\t<div class=\"elementor-element elementor-element-06aa5cf sc_fly_static elementor-widget elementor-widget-spacer\" data-id=\"06aa5cf\" data-element_type=\"widget\" data-widget_type=\"spacer.default\">\n\t\t\t\t<div class=\"elementor-widget-container\">\n\t\t\t\t\t\t\t<div class=\"elementor-spacer\">\n\t\t\t<div class=\"elementor-spacer-inner\"><\/div>\n\t\t<\/div>\n\t\t\t\t\t\t<\/div>\n\t\t\t\t<\/div>\n\t\t\t\t\t<\/div>\n\t\t<\/div>\n\t\t\t\t<div class=\"elementor-column elementor-col-50 elementor-inner-column elementor-element elementor-element-6ac6d90 sc_content_align_inherit sc_layouts_column_icons_position_left lakit-col-width-auto-no sc_fly_static\" data-id=\"6ac6d90\" data-element_type=\"column\">\n\t\t\t<div class=\"elementor-widget-wrap elementor-element-populated\">\n\t\t\t\t\t\t<div class=\"elementor-element elementor-element-6325e81 sc_fly_static elementor-widget elementor-widget-html\" data-id=\"6325e81\" data-element_type=\"widget\" data-widget_type=\"html.default\">\n\t\t\t\t<div class=\"elementor-widget-container\">\n\t\t\t\t\t<iframe src=\"https:\/\/docs.google.com\/forms\/d\/e\/1FAIpQLSfmGVlzObox3h2UVJZbaeI1JemQ3tttsNh5083QmtJd25Fv9w\/viewform?embedded=true\" width=\"700\" height=\"1700\" frameborder=\"0\" marginheight=\"0\" marginwidth=\"0\">\u012ekeliama\u2026<\/iframe>\t\t\t\t<\/div>\n\t\t\t\t<\/div>\n\t\t\t\t\t<\/div>\n\t\t<\/div>\n\t\t\t\t\t<\/div>\n\t\t<\/section>\n\t\t\t\t\t<\/div>\n\t\t<\/div>\n\t\t\t\t\t<\/div>\n\t\t<\/section>\n\t\t\t\t<section class=\"elementor-section elementor-top-section elementor-element elementor-element-25c07c8 scheme_default elementor-section-boxed elementor-section-height-default elementor-section-height-default sc_fly_static e-parent\" data-id=\"25c07c8\" data-element_type=\"section\" data-settings=\"{&quot;background_background&quot;:&quot;classic&quot;}\">\n\t\t\t\t\t\t<div class=\"elementor-container elementor-column-gap-extended\">\n\t\t\t\t\t<div class=\"elementor-column elementor-col-100 elementor-top-column elementor-element elementor-element-5078118 sc_content_align_inherit sc_layouts_column_icons_position_left lakit-col-width-auto-no sc_fly_static\" data-id=\"5078118\" data-element_type=\"column\">\n\t\t\t<div class=\"elementor-widget-wrap elementor-element-populated\">\n\t\t\t\t\t\t<div class=\"elementor-element elementor-element-353fd32 sc_height_huge sc_fly_static elementor-widget elementor-widget-spacer\" data-id=\"353fd32\" data-element_type=\"widget\" data-widget_type=\"spacer.default\">\n\t\t\t\t<div class=\"elementor-widget-container\">\n\t\t\t\t\t\t\t<div class=\"elementor-spacer\">\n\t\t\t<div class=\"elementor-spacer-inner\"><\/div>\n\t\t<\/div>\n\t\t\t\t\t\t<\/div>\n\t\t\t\t<\/div>\n\t\t\t\t\t<\/div>\n\t\t<\/div>\n\t\t\t\t\t<\/div>\n\t\t<\/section>\n\t\t\t\t<\/div>","protected":false},"excerpt":{"rendered":"<p>Mug\u0117s dalyvi\u0173 registracija NEBEVYKDOMA! Jei turite klausim\u0173, maloniai pra\u0161ome kreiptis:Festivalio organizatorius\u00a0Lukas SimsonasEl. pa\u0161to adresas: labas@vilnonesdienos.ltTel.:\u00a0+370 (625) 51 758 Kvie\u010diame registruotis amatininkus, tautodailininkus, prekybininkus, v\u0117l\u0117jus bei visus, norin\u010dius savo darbais nustebinti&hellip;<\/p>","protected":false},"author":1,"featured_media":19185,"parent":0,"menu_order":0,"comment_status":"closed","ping_status":"closed","template":"","meta":{"footnotes":"","_links_to":"","_links_to_target":""},"class_list":["post-19197","page","type-page","status-publish","has-post-thumbnail","hentry"],"yoast_head":"<!-- This site is optimized with the Yoast SEO plugin v27.4 - https:\/\/yoast.com\/product\/yoast-seo-wordpress\/ -->\n<title>Mug\u0117s dalyviams &#8211; Tarptautinis amat\u0173 ir meno festivalis<\/title>\n<meta name=\"robots\" content=\"index, follow, max-snippet:-1, max-image-preview:large, max-video-preview:-1\" \/>\n<link rel=\"canonical\" href=\"https:\/\/vilnonesdienos.lt\/en\/muges-dalyviams\/\" \/>\n<meta property=\"og:locale\" content=\"en_GB\" \/>\n<meta property=\"og:type\" content=\"article\" \/>\n<meta property=\"og:title\" content=\"Mug\u0117s dalyviams &#8211; Tarptautinis amat\u0173 ir meno festivalis\" \/>\n<meta property=\"og:description\" content=\"Mug\u0117s dalyvi\u0173 registracija NEBEVYKDOMA! Jei turite klausim\u0173, maloniai pra\u0161ome kreiptis:Festivalio organizatorius\u00a0Lukas SimsonasEl. pa\u0161to adresas: labas@vilnonesdienos.ltTel.:\u00a0+370 (625) 51 758 Kvie\u010diame registruotis amatininkus, tautodailininkus, prekybininkus, v\u0117l\u0117jus bei visus, norin\u010dius savo darbais nustebinti&hellip;\" \/>\n<meta property=\"og:url\" content=\"https:\/\/vilnonesdienos.lt\/en\/muges-dalyviams\/\" \/>\n<meta property=\"og:site_name\" content=\"Vilnon\u0117s dienos\" \/>\n<meta property=\"article:publisher\" content=\"https:\/\/www.facebook.com\/vilnonesdienos\" \/>\n<meta property=\"article:modified_time\" content=\"2026-03-31T13:35:36+00:00\" \/>\n<meta property=\"og:image\" content=\"https:\/\/vilnonesdienos.lt\/wp-content\/uploads\/2024\/01\/DSC_6322-scaled.jpg\" \/>\n\t<meta property=\"og:image:width\" content=\"2560\" \/>\n\t<meta property=\"og:image:height\" content=\"1709\" \/>\n\t<meta property=\"og:image:type\" content=\"image\/jpeg\" \/>\n<meta name=\"twitter:card\" content=\"summary_large_image\" \/>\n<meta name=\"twitter:label1\" content=\"Estimated reading time\" \/>\n\t<meta name=\"twitter:data1\" content=\"1 minute\" \/>\n<script type=\"application\/ld+json\" class=\"yoast-schema-graph\">{\"@context\":\"https:\\\/\\\/schema.org\",\"@graph\":[{\"@type\":\"WebPage\",\"@id\":\"https:\\\/\\\/vilnonesdienos.lt\\\/muges-dalyviams\\\/\",\"url\":\"https:\\\/\\\/vilnonesdienos.lt\\\/muges-dalyviams\\\/\",\"name\":\"Mug\u0117s dalyviams &#8211; Tarptautinis amat\u0173 ir meno festivalis\",\"isPartOf\":{\"@id\":\"https:\\\/\\\/vilnonesdienos.lt\\\/#website\"},\"primaryImageOfPage\":{\"@id\":\"https:\\\/\\\/vilnonesdienos.lt\\\/muges-dalyviams\\\/#primaryimage\"},\"image\":{\"@id\":\"https:\\\/\\\/vilnonesdienos.lt\\\/muges-dalyviams\\\/#primaryimage\"},\"thumbnailUrl\":\"https:\\\/\\\/vilnonesdienos.lt\\\/wp-content\\\/uploads\\\/2024\\\/01\\\/DSC_6322-scaled.jpg\",\"datePublished\":\"2024-01-05T21:01:17+00:00\",\"dateModified\":\"2026-03-31T13:35:36+00:00\",\"breadcrumb\":{\"@id\":\"https:\\\/\\\/vilnonesdienos.lt\\\/muges-dalyviams\\\/#breadcrumb\"},\"inLanguage\":\"en-GB\",\"potentialAction\":[{\"@type\":\"ReadAction\",\"target\":[\"https:\\\/\\\/vilnonesdienos.lt\\\/muges-dalyviams\\\/\"]}]},{\"@type\":\"ImageObject\",\"inLanguage\":\"en-GB\",\"@id\":\"https:\\\/\\\/vilnonesdienos.lt\\\/muges-dalyviams\\\/#primaryimage\",\"url\":\"https:\\\/\\\/vilnonesdienos.lt\\\/wp-content\\\/uploads\\\/2024\\\/01\\\/DSC_6322-scaled.jpg\",\"contentUrl\":\"https:\\\/\\\/vilnonesdienos.lt\\\/wp-content\\\/uploads\\\/2024\\\/01\\\/DSC_6322-scaled.jpg\",\"width\":2560,\"height\":1709},{\"@type\":\"BreadcrumbList\",\"@id\":\"https:\\\/\\\/vilnonesdienos.lt\\\/muges-dalyviams\\\/#breadcrumb\",\"itemListElement\":[{\"@type\":\"ListItem\",\"position\":1,\"name\":\"Prad\u017eia\",\"item\":\"https:\\\/\\\/vilnonesdienos.lt\\\/\"},{\"@type\":\"ListItem\",\"position\":2,\"name\":\"Mug\u0117s dalyviams\"}]},{\"@type\":\"WebSite\",\"@id\":\"https:\\\/\\\/vilnonesdienos.lt\\\/#website\",\"url\":\"https:\\\/\\\/vilnonesdienos.lt\\\/\",\"name\":\"Vilnon\u0117s dienos\",\"description\":\"Tarptautinis amat\u0173 ir meno festivalis\",\"publisher\":{\"@id\":\"https:\\\/\\\/vilnonesdienos.lt\\\/#organization\"},\"alternateName\":\"Tarptautinis amat\u0173 ir meno festivalis\",\"potentialAction\":[{\"@type\":\"SearchAction\",\"target\":{\"@type\":\"EntryPoint\",\"urlTemplate\":\"https:\\\/\\\/vilnonesdienos.lt\\\/?s={search_term_string}\"},\"query-input\":{\"@type\":\"PropertyValueSpecification\",\"valueRequired\":true,\"valueName\":\"search_term_string\"}}],\"inLanguage\":\"en-GB\"},{\"@type\":\"Organization\",\"@id\":\"https:\\\/\\\/vilnonesdienos.lt\\\/#organization\",\"name\":\"Vilnon\u0117s dienos\",\"url\":\"https:\\\/\\\/vilnonesdienos.lt\\\/\",\"logo\":{\"@type\":\"ImageObject\",\"inLanguage\":\"en-GB\",\"@id\":\"https:\\\/\\\/vilnonesdienos.lt\\\/#\\\/schema\\\/logo\\\/image\\\/\",\"url\":\"https:\\\/\\\/vilnonesdienos.lt\\\/wp-content\\\/uploads\\\/2021\\\/07\\\/Vilnones-dienos_logo_melynas.png\",\"contentUrl\":\"https:\\\/\\\/vilnonesdienos.lt\\\/wp-content\\\/uploads\\\/2021\\\/07\\\/Vilnones-dienos_logo_melynas.png\",\"width\":2862,\"height\":1941,\"caption\":\"Vilnon\u0117s dienos\"},\"image\":{\"@id\":\"https:\\\/\\\/vilnonesdienos.lt\\\/#\\\/schema\\\/logo\\\/image\\\/\"},\"sameAs\":[\"https:\\\/\\\/www.facebook.com\\\/vilnonesdienos\"]}]}<\/script>\n<!-- \/ Yoast SEO plugin. -->","yoast_head_json":{"title":"Mug\u0117s dalyviams &#8211; Tarptautinis amat\u0173 ir meno festivalis","robots":{"index":"index","follow":"follow","max-snippet":"max-snippet:-1","max-image-preview":"max-image-preview:large","max-video-preview":"max-video-preview:-1"},"canonical":"https:\/\/vilnonesdienos.lt\/en\/muges-dalyviams\/","og_locale":"en_GB","og_type":"article","og_title":"Mug\u0117s dalyviams &#8211; Tarptautinis amat\u0173 ir meno festivalis","og_description":"Mug\u0117s dalyvi\u0173 registracija NEBEVYKDOMA! Jei turite klausim\u0173, maloniai pra\u0161ome kreiptis:Festivalio organizatorius\u00a0Lukas SimsonasEl. pa\u0161to adresas: labas@vilnonesdienos.ltTel.:\u00a0+370 (625) 51 758 Kvie\u010diame registruotis amatininkus, tautodailininkus, prekybininkus, v\u0117l\u0117jus bei visus, norin\u010dius savo darbais nustebinti&hellip;","og_url":"https:\/\/vilnonesdienos.lt\/en\/muges-dalyviams\/","og_site_name":"Vilnon\u0117s dienos","article_publisher":"https:\/\/www.facebook.com\/vilnonesdienos","article_modified_time":"2026-03-31T13:35:36+00:00","og_image":[{"width":2560,"height":1709,"url":"https:\/\/vilnonesdienos.lt\/wp-content\/uploads\/2024\/01\/DSC_6322-scaled.jpg","type":"image\/jpeg"}],"twitter_card":"summary_large_image","twitter_misc":{"Estimated reading time":"1 minute"},"schema":{"@context":"https:\/\/schema.org","@graph":[{"@type":"WebPage","@id":"https:\/\/vilnonesdienos.lt\/muges-dalyviams\/","url":"https:\/\/vilnonesdienos.lt\/muges-dalyviams\/","name":"Mug\u0117s dalyviams &#8211; Tarptautinis amat\u0173 ir meno festivalis","isPartOf":{"@id":"https:\/\/vilnonesdienos.lt\/#website"},"primaryImageOfPage":{"@id":"https:\/\/vilnonesdienos.lt\/muges-dalyviams\/#primaryimage"},"image":{"@id":"https:\/\/vilnonesdienos.lt\/muges-dalyviams\/#primaryimage"},"thumbnailUrl":"https:\/\/vilnonesdienos.lt\/wp-content\/uploads\/2024\/01\/DSC_6322-scaled.jpg","datePublished":"2024-01-05T21:01:17+00:00","dateModified":"2026-03-31T13:35:36+00:00","breadcrumb":{"@id":"https:\/\/vilnonesdienos.lt\/muges-dalyviams\/#breadcrumb"},"inLanguage":"en-GB","potentialAction":[{"@type":"ReadAction","target":["https:\/\/vilnonesdienos.lt\/muges-dalyviams\/"]}]},{"@type":"ImageObject","inLanguage":"en-GB","@id":"https:\/\/vilnonesdienos.lt\/muges-dalyviams\/#primaryimage","url":"https:\/\/vilnonesdienos.lt\/wp-content\/uploads\/2024\/01\/DSC_6322-scaled.jpg","contentUrl":"https:\/\/vilnonesdienos.lt\/wp-content\/uploads\/2024\/01\/DSC_6322-scaled.jpg","width":2560,"height":1709},{"@type":"BreadcrumbList","@id":"https:\/\/vilnonesdienos.lt\/muges-dalyviams\/#breadcrumb","itemListElement":[{"@type":"ListItem","position":1,"name":"Prad\u017eia","item":"https:\/\/vilnonesdienos.lt\/"},{"@type":"ListItem","position":2,"name":"Mug\u0117s dalyviams"}]},{"@type":"WebSite","@id":"https:\/\/vilnonesdienos.lt\/#website","url":"https:\/\/vilnonesdienos.lt\/","name":"Vilnon\u0117s dienos","description":"International Craft and Art Festival","publisher":{"@id":"https:\/\/vilnonesdienos.lt\/#organization"},"alternateName":"Tarptautinis amat\u0173 ir meno festivalis","potentialAction":[{"@type":"SearchAction","target":{"@type":"EntryPoint","urlTemplate":"https:\/\/vilnonesdienos.lt\/?s={search_term_string}"},"query-input":{"@type":"PropertyValueSpecification","valueRequired":true,"valueName":"search_term_string"}}],"inLanguage":"en-GB"},{"@type":"Organization","@id":"https:\/\/vilnonesdienos.lt\/#organization","name":"Vilnon\u0117s dienos","url":"https:\/\/vilnonesdienos.lt\/","logo":{"@type":"ImageObject","inLanguage":"en-GB","@id":"https:\/\/vilnonesdienos.lt\/#\/schema\/logo\/image\/","url":"https:\/\/vilnonesdienos.lt\/wp-content\/uploads\/2021\/07\/Vilnones-dienos_logo_melynas.png","contentUrl":"https:\/\/vilnonesdienos.lt\/wp-content\/uploads\/2021\/07\/Vilnones-dienos_logo_melynas.png","width":2862,"height":1941,"caption":"Vilnon\u0117s dienos"},"image":{"@id":"https:\/\/vilnonesdienos.lt\/#\/schema\/logo\/image\/"},"sameAs":["https:\/\/www.facebook.com\/vilnonesdienos"]}]}},"_links":{"self":[{"href":"https:\/\/vilnonesdienos.lt\/en\/wp-json\/wp\/v2\/pages\/19197","targetHints":{"allow":["GET"]}}],"collection":[{"href":"https:\/\/vilnonesdienos.lt\/en\/wp-json\/wp\/v2\/pages"}],"about":[{"href":"https:\/\/vilnonesdienos.lt\/en\/wp-json\/wp\/v2\/types\/page"}],"author":[{"embeddable":true,"href":"https:\/\/vilnonesdienos.lt\/en\/wp-json\/wp\/v2\/users\/1"}],"replies":[{"embeddable":true,"href":"https:\/\/vilnonesdienos.lt\/en\/wp-json\/wp\/v2\/comments?post=19197"}],"version-history":[{"count":103,"href":"https:\/\/vilnonesdienos.lt\/en\/wp-json\/wp\/v2\/pages\/19197\/revisions"}],"predecessor-version":[{"id":22120,"href":"https:\/\/vilnonesdienos.lt\/en\/wp-json\/wp\/v2\/pages\/19197\/revisions\/22120"}],"wp:featuredmedia":[{"embeddable":true,"href":"https:\/\/vilnonesdienos.lt\/en\/wp-json\/wp\/v2\/media\/19185"}],"wp:attachment":[{"href":"https:\/\/vilnonesdienos.lt\/en\/wp-json\/wp\/v2\/media?parent=19197"}],"curies":[{"name":"wp","href":"https:\/\/api.w.org\/{rel}","templated":true}]}}