{"id":19182,"date":"2024-01-05T20:44:01","date_gmt":"2024-01-05T20:44:01","guid":{"rendered":"https:\/\/vilnonesdienos.lt\/?page_id=19182"},"modified":"2026-03-23T19:15:55","modified_gmt":"2026-03-23T17:15:55","slug":"informacija","status":"publish","type":"page","link":"https:\/\/vilnonesdienos.lt\/en\/informacija\/","title":{"rendered":"Information and Registration"},"content":{"rendered":"<div data-elementor-type=\"wp-page\" data-elementor-id=\"19182\" class=\"elementor elementor-19182\">\n\t\t\t\t\t\t<section class=\"elementor-section elementor-top-section elementor-element elementor-element-bb3e2db elementor-section-boxed elementor-section-height-default elementor-section-height-default sc_fly_static e-parent\" data-id=\"bb3e2db\" data-element_type=\"section\" data-settings=\"{&quot;background_background&quot;:&quot;classic&quot;}\">\n\t\t\t\t\t\t<div class=\"elementor-container elementor-column-gap-extended\">\n\t\t\t\t\t<div class=\"elementor-column elementor-col-100 elementor-top-column elementor-element elementor-element-b3db124 sc_content_align_inherit sc_layouts_column_icons_position_left lakit-col-width-auto-no sc_fly_static\" data-id=\"b3db124\" data-element_type=\"column\">\n\t\t\t<div class=\"elementor-widget-wrap elementor-element-populated\">\n\t\t\t\t\t\t<div class=\"elementor-element elementor-element-ebc7f29 sc_height_medium sc_fly_static elementor-widget elementor-widget-spacer\" data-id=\"ebc7f29\" data-element_type=\"widget\" data-widget_type=\"spacer.default\">\n\t\t\t\t<div class=\"elementor-widget-container\">\n\t\t\t\t\t\t\t<div class=\"elementor-spacer\">\n\t\t\t<div class=\"elementor-spacer-inner\"><\/div>\n\t\t<\/div>\n\t\t\t\t\t\t<\/div>\n\t\t\t\t<\/div>\n\t\t\t\t<div class=\"elementor-element elementor-element-429e88a imagelayout-preset-type-2 sc_layouts_hide_on_mobile sc_fly_static elementor-widget lastudio-kit elementor-lakit-images-layout\" data-id=\"429e88a\" data-element_type=\"widget\" data-widget_type=\"lakit-images-layout.default\">\n\t\t\t\t\t\n<div class=\"lakit-images-layout layout-type-grid preset-type-2\" data-item_selector=\".lakit-images-layout__item\" >\n        <div class=\"lakit-images-layout__list_wrapper\">\n        <div class=\"lakit-images-layout__list col-row\">\n            <div class=\"lakit-images-layout__item price-block col-desk-2 col-tab-2\">\n\t<div class=\"lakit-images-layout__inner\">\n\t\t<a class=\"lakit-images-layout__link\" href=\"https:\/\/vilnonesdienos.lt\/en\/norintiems-dalyvauti\/\" target=\"_self\">\n\t\t\t<div class=\"lakit-images-layout__image\"><img loading=\"lazy\" decoding=\"async\" src=\"https:\/\/vilnonesdienos.lt\/wp-content\/uploads\/2024\/01\/DSC_6664-scaled.jpg\" class=\"lakit-images-layout__image-instance\" width=\"2560\" height=\"1709\" alt=\"REGISTRACIJA\" style=\"--img-height:1709px\">\t\t\t<\/div>\n\t\t\t<div class=\"lakit-images-layout__content\"><h5 class=\"lakit-images-layout__title\">REGISTRATION<\/h5><div class=\"lakit-images-layout__desc\">For performers wishing<br> to participate in the festival\n<\/div><button class=\"elementor-button lakit-images-layout__button button\"><span>Registration is no longer available<\/span><\/button><\/div>\n\t\t<\/a>\n\t<\/div>\n<\/div><div class=\"lakit-images-layout__item price-block col-desk-2 col-tab-2\">\n\t<div class=\"lakit-images-layout__inner\">\n\t\t<a class=\"lakit-images-layout__link\" href=\"https:\/\/vilnonesdienos.lt\/en\/muges-dalyviams\/\" target=\"_self\">\n\t\t\t<div class=\"lakit-images-layout__image\"><img loading=\"lazy\" decoding=\"async\" src=\"https:\/\/vilnonesdienos.lt\/wp-content\/uploads\/2024\/01\/DSC_6322-scaled.jpg\" class=\"lakit-images-layout__image-instance\" width=\"2560\" height=\"1709\" alt=\"REGISTRACIJA\" style=\"--img-height:1709px\">\t\t\t<\/div>\n\t\t\t<div class=\"lakit-images-layout__content\"><h5 class=\"lakit-images-layout__title\">REGISTRATION<\/h5><div class=\"lakit-images-layout__desc\">To folk artists,<br>craftsmen, <br> traders, <br> wool manufacturers<\/div><button class=\"elementor-button lakit-images-layout__button button\"><span>Registration is open<\/span><\/button><\/div>\n\t\t<\/a>\n\t<\/div>\n<\/div><div class=\"lakit-images-layout__item price-block col-desk-2 col-tab-2\">\n\t<div class=\"lakit-images-layout__inner\">\n\t\t<a class=\"lakit-images-layout__link\" href=\"#\" target=\"_self\">\n\t\t\t<div class=\"lakit-images-layout__image\"><img loading=\"lazy\" decoding=\"async\" src=\"https:\/\/vilnonesdienos.lt\/wp-content\/uploads\/2024\/01\/DSC_9660-scaled.jpg\" class=\"lakit-images-layout__image-instance\" width=\"2560\" height=\"1709\" alt=\"REGISTRACIJA\" style=\"--img-height:1709px\">\t\t\t<\/div>\n\t\t\t<div class=\"lakit-images-layout__content\"><h5 class=\"lakit-images-layout__title\">REGISTRATION<\/h5><div class=\"lakit-images-layout__desc\">Go hiking<\/div><button class=\"elementor-button lakit-images-layout__button button\"><span>Registration is no longer available<\/span><\/button><\/div>\n\t\t<\/a>\n\t<\/div>\n<\/div><div class=\"lakit-images-layout__item price-block col-desk-2 col-tab-2\">\n\t<div class=\"lakit-images-layout__inner\">\n\t\t<a class=\"lakit-images-layout__link\" href=\"#\" target=\"_self\">\n\t\t\t<div class=\"lakit-images-layout__image\"><img loading=\"lazy\" decoding=\"async\" src=\"https:\/\/vilnonesdienos.lt\/wp-content\/uploads\/2024\/01\/IMG_3562.jpg\" class=\"lakit-images-layout__image-instance\" width=\"2560\" height=\"1707\" alt=\"REGISTRACIJA\" style=\"--img-height:1707px\">\t\t\t<\/div>\n\t\t\t<div class=\"lakit-images-layout__content\"><h5 class=\"lakit-images-layout__title\">REGISTRATION<\/h5><div class=\"lakit-images-layout__desc\">Making slippers <br> championship<\/div><button class=\"elementor-button lakit-images-layout__button button\"><span>Registration is no longer available<\/span><\/button><\/div>\n\t\t<\/a>\n\t<\/div>\n<\/div>        <\/div>\n    <\/div>\n    <\/div>\t\t\t\t<\/div>\n\t\t\t\t<div class=\"elementor-element elementor-element-f93d8fe imagelayout-preset-type-2 sc_layouts_hide_on_wide sc_layouts_hide_on_desktop sc_layouts_hide_on_notebook sc_layouts_hide_on_tablet sc_fly_static elementor-widget lastudio-kit elementor-lakit-images-layout\" data-id=\"f93d8fe\" data-element_type=\"widget\" data-widget_type=\"lakit-images-layout.default\">\n\t\t\t\t\t\n<div class=\"lakit-images-layout layout-type-grid preset-type-2\" data-item_selector=\".lakit-images-layout__item\" >\n        <div class=\"lakit-images-layout__list_wrapper\">\n        <div class=\"lakit-images-layout__list col-row\">\n            <div class=\"lakit-images-layout__item price-block col-desk-1 col-tab-1\">\n\t<div class=\"lakit-images-layout__inner\">\n\t\t<a class=\"lakit-images-layout__link\" href=\"https:\/\/vilnonesdienos.lt\/en\/norintiems-dalyvauti\/\" target=\"_self\">\n\t\t\t<div class=\"lakit-images-layout__image\"><img loading=\"lazy\" decoding=\"async\" src=\"https:\/\/vilnonesdienos.lt\/wp-content\/uploads\/2024\/01\/DSC_6664-scaled.jpg\" class=\"lakit-images-layout__image-instance\" width=\"2560\" height=\"1709\" alt=\"REGISTRACIJA\" style=\"--img-height:1709px\">\t\t\t<\/div>\n\t\t\t<div class=\"lakit-images-layout__content\"><h5 class=\"lakit-images-layout__title\">REGISTRATION<\/h5><div class=\"lakit-images-layout__desc\">For performers wishing <br> to participate in the festival<\/div><button class=\"elementor-button lakit-images-layout__button button\"><span>Registracija<\/span><\/button><\/div>\n\t\t<\/a>\n\t<\/div>\n<\/div><div class=\"lakit-images-layout__item price-block col-desk-1 col-tab-1\">\n\t<div class=\"lakit-images-layout__inner\">\n\t\t<a class=\"lakit-images-layout__link\" href=\"\" target=\"_self\">\n\t\t\t<div class=\"lakit-images-layout__image\"><img loading=\"lazy\" decoding=\"async\" src=\"https:\/\/vilnonesdienos.lt\/wp-content\/uploads\/2024\/01\/DSC_6322-scaled.jpg\" class=\"lakit-images-layout__image-instance\" width=\"2560\" height=\"1709\" alt=\"REGISTRACIJA\" style=\"--img-height:1709px\">\t\t\t<\/div>\n\t\t\t<div class=\"lakit-images-layout__content\"><h5 class=\"lakit-images-layout__title\">REGISTRATION<\/h5><div class=\"lakit-images-layout__desc\">For craftsmen, <br> traders, <br> wool manufacturers<\/div><button class=\"elementor-button lakit-images-layout__button button\"><span>Registration is no longer available<\/span><\/button><\/div>\n\t\t<\/a>\n\t<\/div>\n<\/div><div class=\"lakit-images-layout__item price-block col-desk-1 col-tab-1\">\n\t<div class=\"lakit-images-layout__inner\">\n\t\t<a class=\"lakit-images-layout__link\" href=\"\" target=\"_self\">\n\t\t\t<div class=\"lakit-images-layout__image\"><img loading=\"lazy\" decoding=\"async\" src=\"https:\/\/vilnonesdienos.lt\/wp-content\/uploads\/2024\/01\/DSC_9660-scaled.jpg\" class=\"lakit-images-layout__image-instance\" width=\"2560\" height=\"1709\" alt=\"REGISTRACIJA\" style=\"--img-height:1709px\">\t\t\t<\/div>\n\t\t\t<div class=\"lakit-images-layout__content\"><h5 class=\"lakit-images-layout__title\">REGISTRATION<\/h5><div class=\"lakit-images-layout__desc\">Go hiking<\/div><button class=\"elementor-button lakit-images-layout__button button\"><span>Registration is no longer available<\/span><\/button><\/div>\n\t\t<\/a>\n\t<\/div>\n<\/div><div class=\"lakit-images-layout__item price-block col-desk-1 col-tab-1\">\n\t<div class=\"lakit-images-layout__inner\">\n\t\t<a class=\"lakit-images-layout__link\" href=\"\" target=\"_self\">\n\t\t\t<div class=\"lakit-images-layout__image\"><img loading=\"lazy\" decoding=\"async\" src=\"https:\/\/vilnonesdienos.lt\/wp-content\/uploads\/2024\/01\/IMG_3562.jpg\" class=\"lakit-images-layout__image-instance\" width=\"2560\" height=\"1707\" alt=\"REGISTRACIJA\" style=\"--img-height:1707px\">\t\t\t<\/div>\n\t\t\t<div class=\"lakit-images-layout__content\"><h5 class=\"lakit-images-layout__title\">REGISTRATION<\/h5><div class=\"lakit-images-layout__desc\">Making slippers <br> championship<\/div><button class=\"elementor-button lakit-images-layout__button button\"><span>Registration is not in progress<\/span><\/button><\/div>\n\t\t<\/a>\n\t<\/div>\n<\/div>        <\/div>\n    <\/div>\n    <\/div>\t\t\t\t<\/div>\n\t\t\t\t\t<\/div>\n\t\t<\/div>\n\t\t\t\t\t<\/div>\n\t\t<\/section>\n\t\t\t\t<section class=\"elementor-section elementor-top-section elementor-element elementor-element-25c07c8 scheme_default elementor-section-boxed elementor-section-height-default elementor-section-height-default sc_fly_static e-parent\" data-id=\"25c07c8\" data-element_type=\"section\" data-settings=\"{&quot;background_background&quot;:&quot;classic&quot;}\">\n\t\t\t\t\t\t<div class=\"elementor-container elementor-column-gap-extended\">\n\t\t\t\t\t<div class=\"elementor-column elementor-col-100 elementor-top-column elementor-element elementor-element-5078118 sc_content_align_inherit sc_layouts_column_icons_position_left lakit-col-width-auto-no sc_fly_static\" data-id=\"5078118\" data-element_type=\"column\">\n\t\t\t<div class=\"elementor-widget-wrap elementor-element-populated\">\n\t\t\t\t\t\t<section class=\"elementor-section elementor-inner-section elementor-element elementor-element-905c8f7 elementor-section-height-min-height elementor-section-content-middle elementor-section-boxed elementor-section-height-default sc_fly_static\" data-id=\"905c8f7\" data-element_type=\"section\" data-settings=\"{&quot;background_background&quot;:&quot;classic&quot;}\">\n\t\t\t\t\t\t<div class=\"elementor-container elementor-column-gap-extended\">\n\t\t\t\t\t<div class=\"elementor-column elementor-col-50 elementor-inner-column elementor-element elementor-element-9648f90 sc_content_align_inherit sc_layouts_column_icons_position_left lakit-col-width-auto-no sc_fly_static\" data-id=\"9648f90\" data-element_type=\"column\">\n\t\t\t<div class=\"elementor-widget-wrap elementor-element-populated\">\n\t\t\t\t\t\t<div class=\"elementor-element elementor-element-9e7b151 sc_fly_static elementor-widget elementor-widget-heading\" data-id=\"9e7b151\" data-element_type=\"widget\" data-widget_type=\"heading.default\">\n\t\t\t\t<div class=\"elementor-widget-container\">\n\t\t\t\t\t<h2 class=\"elementor-heading-title elementor-size-default\">PRESS RELEASE | 2025<\/h2>\t\t\t\t<\/div>\n\t\t\t\t<\/div>\n\t\t\t\t\t<\/div>\n\t\t<\/div>\n\t\t\t\t<div class=\"elementor-column elementor-col-50 elementor-inner-column elementor-element elementor-element-52c21ec sc_content_align_inherit sc_layouts_column_icons_position_left lakit-col-width-auto-no sc_fly_static\" data-id=\"52c21ec\" data-element_type=\"column\">\n\t\t\t<div class=\"elementor-widget-wrap elementor-element-populated\">\n\t\t\t\t\t\t<div class=\"elementor-element elementor-element-cb37cb1 elementor-widget__width-initial sc_fly_static elementor-widget elementor-widget-trx_sc_button\" data-id=\"cb37cb1\" data-element_type=\"widget\" data-widget_type=\"trx_sc_button.default\">\n\t\t\t\t<div class=\"elementor-widget-container\">\n\t\t\t\t\t<div\tclass=\"sc_item_button sc_button_wrap\" ><a href=\"https:\/\/vilnonesdienos.lt\/en\/pranesimas-spaudai\/\" class=\"sc_button sc_button_default sc_button_size_normal sc_button_icon_left\" ><span class=\"sc_button_text\"><span class=\"sc_button_title\">View<\/span><\/span><\/a><\/div>\t\t\t\t<\/div>\n\t\t\t\t<\/div>\n\t\t\t\t\t<\/div>\n\t\t<\/div>\n\t\t\t\t\t<\/div>\n\t\t<\/section>\n\t\t\t\t<div class=\"elementor-element elementor-element-350d194 sc_height_huge sc_fly_static elementor-widget elementor-widget-spacer\" data-id=\"350d194\" data-element_type=\"widget\" data-widget_type=\"spacer.default\">\n\t\t\t\t<div class=\"elementor-widget-container\">\n\t\t\t\t\t\t\t<div class=\"elementor-spacer\">\n\t\t\t<div class=\"elementor-spacer-inner\"><\/div>\n\t\t<\/div>\n\t\t\t\t\t\t<\/div>\n\t\t\t\t<\/div>\n\t\t\t\t\t<\/div>\n\t\t<\/div>\n\t\t\t\t\t<\/div>\n\t\t<\/section>\n\t\t\t\t<\/div>","protected":false},"excerpt":{"rendered":"<p>REGISTRACIJA Atlik\u0117jams, norintiems dalyvauti festivalyje Registracija nebevykdoma REGISTRACIJA Tautodailininkams,amatininkams, prekybininkams, vilnos v\u0117l\u0117jamsRegistracija atvira REGISTRACIJA \u012e p\u0117s\u010di\u0173j\u0173 \u017eyg\u012fRegistracija nebevykdoma REGISTRACIJA \u0160lepe\u010di\u0173 v\u0117limo \u010dempionatasRegistracija nebevykdoma REGISTRACIJA Atlik\u0117jams, norintiems dalyvauti festivalyjeRegistracija REGISTRACIJA Amatininkams,&hellip;<\/p>","protected":false},"author":1,"featured_media":19915,"parent":0,"menu_order":0,"comment_status":"closed","ping_status":"closed","template":"","meta":{"footnotes":"","_links_to":"","_links_to_target":""},"class_list":["post-19182","page","type-page","status-publish","has-post-thumbnail","hentry"],"yoast_head":"<!-- This site is optimized with the Yoast SEO plugin v27.4 - https:\/\/yoast.com\/product\/yoast-seo-wordpress\/ -->\n<title>Informacija ir registracija &#8211; Tarptautinis amat\u0173 ir meno festivalis<\/title>\n<meta name=\"robots\" content=\"index, follow, max-snippet:-1, max-image-preview:large, max-video-preview:-1\" \/>\n<link rel=\"canonical\" href=\"https:\/\/vilnonesdienos.lt\/en\/informacija\/\" \/>\n<meta property=\"og:locale\" content=\"en_GB\" \/>\n<meta property=\"og:type\" content=\"article\" \/>\n<meta property=\"og:title\" content=\"Informacija ir registracija &#8211; Tarptautinis amat\u0173 ir meno festivalis\" \/>\n<meta property=\"og:description\" content=\"REGISTRACIJA Atlik\u0117jams, norintiems dalyvauti festivalyje Registracija nebevykdoma REGISTRACIJA Tautodailininkams,amatininkams, prekybininkams, vilnos v\u0117l\u0117jamsRegistracija atvira REGISTRACIJA \u012e p\u0117s\u010di\u0173j\u0173 \u017eyg\u012fRegistracija nebevykdoma REGISTRACIJA \u0160lepe\u010di\u0173 v\u0117limo \u010dempionatasRegistracija nebevykdoma REGISTRACIJA Atlik\u0117jams, norintiems dalyvauti festivalyjeRegistracija REGISTRACIJA Amatininkams,&hellip;\" \/>\n<meta property=\"og:url\" content=\"https:\/\/vilnonesdienos.lt\/en\/informacija\/\" \/>\n<meta property=\"og:site_name\" content=\"Vilnon\u0117s dienos\" \/>\n<meta property=\"article:publisher\" content=\"https:\/\/www.facebook.com\/vilnonesdienos\" \/>\n<meta property=\"article:modified_time\" content=\"2026-03-23T17:15:55+00:00\" \/>\n<meta property=\"og:image\" content=\"https:\/\/vilnonesdienos.lt\/wp-content\/uploads\/2024\/01\/DSC09410-scaled.jpg\" \/>\n\t<meta property=\"og:image:width\" content=\"2560\" \/>\n\t<meta property=\"og:image:height\" content=\"1440\" \/>\n\t<meta property=\"og:image:type\" content=\"image\/jpeg\" \/>\n<meta name=\"twitter:card\" content=\"summary_large_image\" \/>\n<meta name=\"twitter:label1\" content=\"Estimated reading time\" \/>\n\t<meta name=\"twitter:data1\" content=\"1 minute\" \/>\n<script type=\"application\/ld+json\" class=\"yoast-schema-graph\">{\"@context\":\"https:\\\/\\\/schema.org\",\"@graph\":[{\"@type\":\"WebPage\",\"@id\":\"https:\\\/\\\/vilnonesdienos.lt\\\/informacija\\\/\",\"url\":\"https:\\\/\\\/vilnonesdienos.lt\\\/informacija\\\/\",\"name\":\"Informacija ir registracija &#8211; Tarptautinis amat\u0173 ir meno festivalis\",\"isPartOf\":{\"@id\":\"https:\\\/\\\/vilnonesdienos.lt\\\/#website\"},\"primaryImageOfPage\":{\"@id\":\"https:\\\/\\\/vilnonesdienos.lt\\\/informacija\\\/#primaryimage\"},\"image\":{\"@id\":\"https:\\\/\\\/vilnonesdienos.lt\\\/informacija\\\/#primaryimage\"},\"thumbnailUrl\":\"https:\\\/\\\/vilnonesdienos.lt\\\/wp-content\\\/uploads\\\/2024\\\/01\\\/DSC09410-scaled.jpg\",\"datePublished\":\"2024-01-05T20:44:01+00:00\",\"dateModified\":\"2026-03-23T17:15:55+00:00\",\"breadcrumb\":{\"@id\":\"https:\\\/\\\/vilnonesdienos.lt\\\/informacija\\\/#breadcrumb\"},\"inLanguage\":\"en-GB\",\"potentialAction\":[{\"@type\":\"ReadAction\",\"target\":[\"https:\\\/\\\/vilnonesdienos.lt\\\/informacija\\\/\"]}]},{\"@type\":\"ImageObject\",\"inLanguage\":\"en-GB\",\"@id\":\"https:\\\/\\\/vilnonesdienos.lt\\\/informacija\\\/#primaryimage\",\"url\":\"https:\\\/\\\/vilnonesdienos.lt\\\/wp-content\\\/uploads\\\/2024\\\/01\\\/DSC09410-scaled.jpg\",\"contentUrl\":\"https:\\\/\\\/vilnonesdienos.lt\\\/wp-content\\\/uploads\\\/2024\\\/01\\\/DSC09410-scaled.jpg\",\"width\":2560,\"height\":1440},{\"@type\":\"BreadcrumbList\",\"@id\":\"https:\\\/\\\/vilnonesdienos.lt\\\/informacija\\\/#breadcrumb\",\"itemListElement\":[{\"@type\":\"ListItem\",\"position\":1,\"name\":\"Prad\u017eia\",\"item\":\"https:\\\/\\\/vilnonesdienos.lt\\\/\"},{\"@type\":\"ListItem\",\"position\":2,\"name\":\"Informacija ir registracija\"}]},{\"@type\":\"WebSite\",\"@id\":\"https:\\\/\\\/vilnonesdienos.lt\\\/#website\",\"url\":\"https:\\\/\\\/vilnonesdienos.lt\\\/\",\"name\":\"Vilnon\u0117s dienos\",\"description\":\"Tarptautinis amat\u0173 ir meno festivalis\",\"publisher\":{\"@id\":\"https:\\\/\\\/vilnonesdienos.lt\\\/#organization\"},\"alternateName\":\"Tarptautinis amat\u0173 ir meno festivalis\",\"potentialAction\":[{\"@type\":\"SearchAction\",\"target\":{\"@type\":\"EntryPoint\",\"urlTemplate\":\"https:\\\/\\\/vilnonesdienos.lt\\\/?s={search_term_string}\"},\"query-input\":{\"@type\":\"PropertyValueSpecification\",\"valueRequired\":true,\"valueName\":\"search_term_string\"}}],\"inLanguage\":\"en-GB\"},{\"@type\":\"Organization\",\"@id\":\"https:\\\/\\\/vilnonesdienos.lt\\\/#organization\",\"name\":\"Vilnon\u0117s dienos\",\"url\":\"https:\\\/\\\/vilnonesdienos.lt\\\/\",\"logo\":{\"@type\":\"ImageObject\",\"inLanguage\":\"en-GB\",\"@id\":\"https:\\\/\\\/vilnonesdienos.lt\\\/#\\\/schema\\\/logo\\\/image\\\/\",\"url\":\"https:\\\/\\\/vilnonesdienos.lt\\\/wp-content\\\/uploads\\\/2021\\\/07\\\/Vilnones-dienos_logo_melynas.png\",\"contentUrl\":\"https:\\\/\\\/vilnonesdienos.lt\\\/wp-content\\\/uploads\\\/2021\\\/07\\\/Vilnones-dienos_logo_melynas.png\",\"width\":2862,\"height\":1941,\"caption\":\"Vilnon\u0117s dienos\"},\"image\":{\"@id\":\"https:\\\/\\\/vilnonesdienos.lt\\\/#\\\/schema\\\/logo\\\/image\\\/\"},\"sameAs\":[\"https:\\\/\\\/www.facebook.com\\\/vilnonesdienos\"]}]}<\/script>\n<!-- \/ Yoast SEO plugin. -->","yoast_head_json":{"title":"Informacija ir registracija &#8211; Tarptautinis amat\u0173 ir meno festivalis","robots":{"index":"index","follow":"follow","max-snippet":"max-snippet:-1","max-image-preview":"max-image-preview:large","max-video-preview":"max-video-preview:-1"},"canonical":"https:\/\/vilnonesdienos.lt\/en\/informacija\/","og_locale":"en_GB","og_type":"article","og_title":"Informacija ir registracija &#8211; Tarptautinis amat\u0173 ir meno festivalis","og_description":"REGISTRACIJA Atlik\u0117jams, norintiems dalyvauti festivalyje Registracija nebevykdoma REGISTRACIJA Tautodailininkams,amatininkams, prekybininkams, vilnos v\u0117l\u0117jamsRegistracija atvira REGISTRACIJA \u012e p\u0117s\u010di\u0173j\u0173 \u017eyg\u012fRegistracija nebevykdoma REGISTRACIJA \u0160lepe\u010di\u0173 v\u0117limo \u010dempionatasRegistracija nebevykdoma REGISTRACIJA Atlik\u0117jams, norintiems dalyvauti festivalyjeRegistracija REGISTRACIJA Amatininkams,&hellip;","og_url":"https:\/\/vilnonesdienos.lt\/en\/informacija\/","og_site_name":"Vilnon\u0117s dienos","article_publisher":"https:\/\/www.facebook.com\/vilnonesdienos","article_modified_time":"2026-03-23T17:15:55+00:00","og_image":[{"width":2560,"height":1440,"url":"https:\/\/vilnonesdienos.lt\/wp-content\/uploads\/2024\/01\/DSC09410-scaled.jpg","type":"image\/jpeg"}],"twitter_card":"summary_large_image","twitter_misc":{"Estimated reading time":"1 minute"},"schema":{"@context":"https:\/\/schema.org","@graph":[{"@type":"WebPage","@id":"https:\/\/vilnonesdienos.lt\/informacija\/","url":"https:\/\/vilnonesdienos.lt\/informacija\/","name":"Informacija ir registracija &#8211; Tarptautinis amat\u0173 ir meno festivalis","isPartOf":{"@id":"https:\/\/vilnonesdienos.lt\/#website"},"primaryImageOfPage":{"@id":"https:\/\/vilnonesdienos.lt\/informacija\/#primaryimage"},"image":{"@id":"https:\/\/vilnonesdienos.lt\/informacija\/#primaryimage"},"thumbnailUrl":"https:\/\/vilnonesdienos.lt\/wp-content\/uploads\/2024\/01\/DSC09410-scaled.jpg","datePublished":"2024-01-05T20:44:01+00:00","dateModified":"2026-03-23T17:15:55+00:00","breadcrumb":{"@id":"https:\/\/vilnonesdienos.lt\/informacija\/#breadcrumb"},"inLanguage":"en-GB","potentialAction":[{"@type":"ReadAction","target":["https:\/\/vilnonesdienos.lt\/informacija\/"]}]},{"@type":"ImageObject","inLanguage":"en-GB","@id":"https:\/\/vilnonesdienos.lt\/informacija\/#primaryimage","url":"https:\/\/vilnonesdienos.lt\/wp-content\/uploads\/2024\/01\/DSC09410-scaled.jpg","contentUrl":"https:\/\/vilnonesdienos.lt\/wp-content\/uploads\/2024\/01\/DSC09410-scaled.jpg","width":2560,"height":1440},{"@type":"BreadcrumbList","@id":"https:\/\/vilnonesdienos.lt\/informacija\/#breadcrumb","itemListElement":[{"@type":"ListItem","position":1,"name":"Prad\u017eia","item":"https:\/\/vilnonesdienos.lt\/"},{"@type":"ListItem","position":2,"name":"Informacija ir registracija"}]},{"@type":"WebSite","@id":"https:\/\/vilnonesdienos.lt\/#website","url":"https:\/\/vilnonesdienos.lt\/","name":"Vilnon\u0117s dienos","description":"International Craft and Art Festival","publisher":{"@id":"https:\/\/vilnonesdienos.lt\/#organization"},"alternateName":"Tarptautinis amat\u0173 ir meno festivalis","potentialAction":[{"@type":"SearchAction","target":{"@type":"EntryPoint","urlTemplate":"https:\/\/vilnonesdienos.lt\/?s={search_term_string}"},"query-input":{"@type":"PropertyValueSpecification","valueRequired":true,"valueName":"search_term_string"}}],"inLanguage":"en-GB"},{"@type":"Organization","@id":"https:\/\/vilnonesdienos.lt\/#organization","name":"Vilnon\u0117s dienos","url":"https:\/\/vilnonesdienos.lt\/","logo":{"@type":"ImageObject","inLanguage":"en-GB","@id":"https:\/\/vilnonesdienos.lt\/#\/schema\/logo\/image\/","url":"https:\/\/vilnonesdienos.lt\/wp-content\/uploads\/2021\/07\/Vilnones-dienos_logo_melynas.png","contentUrl":"https:\/\/vilnonesdienos.lt\/wp-content\/uploads\/2021\/07\/Vilnones-dienos_logo_melynas.png","width":2862,"height":1941,"caption":"Vilnon\u0117s dienos"},"image":{"@id":"https:\/\/vilnonesdienos.lt\/#\/schema\/logo\/image\/"},"sameAs":["https:\/\/www.facebook.com\/vilnonesdienos"]}]}},"_links":{"self":[{"href":"https:\/\/vilnonesdienos.lt\/en\/wp-json\/wp\/v2\/pages\/19182","targetHints":{"allow":["GET"]}}],"collection":[{"href":"https:\/\/vilnonesdienos.lt\/en\/wp-json\/wp\/v2\/pages"}],"about":[{"href":"https:\/\/vilnonesdienos.lt\/en\/wp-json\/wp\/v2\/types\/page"}],"author":[{"embeddable":true,"href":"https:\/\/vilnonesdienos.lt\/en\/wp-json\/wp\/v2\/users\/1"}],"replies":[{"embeddable":true,"href":"https:\/\/vilnonesdienos.lt\/en\/wp-json\/wp\/v2\/comments?post=19182"}],"version-history":[{"count":9,"href":"https:\/\/vilnonesdienos.lt\/en\/wp-json\/wp\/v2\/pages\/19182\/revisions"}],"predecessor-version":[{"id":22022,"href":"https:\/\/vilnonesdienos.lt\/en\/wp-json\/wp\/v2\/pages\/19182\/revisions\/22022"}],"wp:featuredmedia":[{"embeddable":true,"href":"https:\/\/vilnonesdienos.lt\/en\/wp-json\/wp\/v2\/media\/19915"}],"wp:attachment":[{"href":"https:\/\/vilnonesdienos.lt\/en\/wp-json\/wp\/v2\/media?parent=19182"}],"curies":[{"name":"wp","href":"https:\/\/api.w.org\/{rel}","templated":true}]}}